{"id":111823,"date":"2024-09-26T15:18:51","date_gmt":"2024-09-26T13:18:51","guid":{"rendered":"https:\/\/gemarballoons.com\/famiglia-gemar\/"},"modified":"2025-07-18T11:54:09","modified_gmt":"2025-07-18T09:54:09","slug":"gemar-family","status":"publish","type":"page","link":"https:\/\/gemarballoons.com\/it\/balloon-training\/gemar-family\/","title":{"rendered":"Famiglia Gemar"},"content":{"rendered":"","protected":false},"excerpt":{"rendered":"","protected":false},"author":1,"featured_media":0,"parent":112003,"menu_order":0,"comment_status":"closed","ping_status":"closed","template":"templates\/page-team.php","meta":{"_acf_changed":false,"inline_featured_image":false,"footnotes":""},"class_list":["post-111823","page","type-page","status-publish","hentry"],"acf":{"seo_text":"<span style=\"font-weight: 400;\">I membri della Gemar Family sono veri esperti dell<\/span><span style=\"font-weight: 400;\">\u2019<\/span><span style=\"font-weight: 400;\">arte dei palloncini.\u00a0<\/span>\r\n\r\n<span style=\"font-weight: 400;\">I maestri Gemar sono delle vere e proprie eccellenze nell'industria dei palloncini, riconosciuti a livello internazionale per la loro sorprendenti competenza nella balloon art. <\/span><span style=\"font-weight: 400;\">\r\n<\/span><span style=\"font-weight: 400;\">\r\n<\/span><span style=\"font-weight: 400;\">Questi professionisti, altamente qualificati, si dedicano con passione a ispirare ed educare i futuri balloon artist attraverso attivit\u00e0 di formazione, come i <a href=\"https:\/\/gemarballoons.com\/it\/istruzione\/giorno-di-gemar\/\" target=\"_blank\" rel=\"noopener\"><strong>Gemar Day<\/strong><\/a>. Il loro obiettivo \u00e8 diffondere la conoscenza e l'entusiasmo per l'arte dei palloncini, incoraggiando gli altri a superare i propri limiti creativi e a trasformare l'ispirazione in vere e proprie opere d'arte. <\/span><span style=\"font-weight: 400;\">\r\n<\/span><span style=\"font-weight: 400;\">\r\n<\/span><span style=\"font-weight: 400;\">L<\/span><span style=\"font-weight: 400;\">\u2019<\/span><span style=\"font-weight: 400;\">innovazione e la creativit\u00e0 sono caratteristiche innate in alcune persone fortunate. Questo non vuol dire per\u00f2 che in condizioni appropriate, con l<\/span><span style=\"font-weight: 400;\">\u2019<\/span><span style=\"font-weight: 400;\">ispirazione e la motivazione giuste, non sia possibile accendere la fiammella dell<\/span><span style=\"font-weight: 400;\">\u2019<\/span><span style=\"font-weight: 400;\">arte fino a farla diventare eccellenza.<\/span>\r\n\r\n<span style=\"font-weight: 400;\">Diventare un Ambasciatore Gemar significa mettersi al servizio dell'azienda ed essere protagonista degli eventi formativi organizzati dall'azienda. Attraverso i <strong>corsi palloncini Gemar<\/strong>, essi mettono in campo le loro abilit\u00e0 per permettere a chiunque di diventare un esperto nella balloon art\u00a0<\/span><span style=\"font-weight: 400;\">\r\n<\/span><span style=\"font-weight: 400;\">\r\n<\/span><span style=\"font-weight: 400;\">Questa \u00e8 l'occasione per far emergere il tuo talento e per rappresentare un brand leader nel settore.<\/span>\r\n\r\n<span style=\"font-weight: 400;\">L<\/span><span style=\"font-weight: 400;\">\u2019<\/span><span style=\"font-weight: 400;\">accurata selezione di membri della Gemar Family \u00e8 pensata per individuare i migliori artisti del settore e dare loro le giuste opportunit\u00e0 di crescita. Chi pensa di avere le skills necessarie, \u00e8 invitato a inviare subito la candidatura per entrare a far parte del team.<\/span>\r\n\r\n<span style=\"font-weight: 400;\">Gemar \u00e8 una delle aziende leader nel settore dei <strong>palloncini professionali<\/strong>. Il <strong>catalogo Gemar<\/strong> \u00e8 ricco di colori, forme, dimensioni e stampe per dar sfogo alla fantasia. L\u2019offerta comprende:<\/span>\r\n<ul>\r\n \t<li style=\"font-weight: 400;\" aria-level=\"1\"><span style=\"font-weight: 400;\">palloncini giganti;<\/span><\/li>\r\n \t<li style=\"font-weight: 400;\" aria-level=\"1\"><span style=\"font-weight: 400;\">palloncini bombe acqua;<\/span><\/li>\r\n \t<li style=\"font-weight: 400;\" aria-level=\"1\"><span style=\"font-weight: 400;\">palloncini g-link;<\/span><\/li>\r\n \t<li style=\"font-weight: 400;\" aria-level=\"1\"><span style=\"font-weight: 400;\">palloncini forma cuore;<\/span><\/li>\r\n \t<li style=\"font-weight: 400;\" aria-level=\"1\"><span style=\"font-weight: 400;\">palloncini modellabili;<\/span><\/li>\r\n \t<li style=\"font-weight: 400;\" aria-level=\"1\"><span style=\"font-weight: 400;\">palloncini trasparenti da riempire con regalo;<\/span><\/li>\r\n \t<li style=\"font-weight: 400;\" aria-level=\"1\"><span style=\"font-weight: 400;\">punchball;<\/span><\/li>\r\n \t<li style=\"font-weight: 400;\" aria-level=\"1\"><span style=\"font-weight: 400;\">palloncini multiforma;<\/span><\/li>\r\n \t<li style=\"font-weight: 400;\" aria-level=\"1\"><span style=\"font-weight: 400;\">palloncini compleanno;<\/span><\/li>\r\n \t<li style=\"font-weight: 400;\" aria-level=\"1\"><span style=\"font-weight: 400;\">palloncini eventi;<\/span><\/li>\r\n \t<li style=\"font-weight: 400;\" aria-level=\"1\"><span style=\"font-weight: 400;\">palloncini nascita baby shower;<\/span><\/li>\r\n \t<li style=\"font-weight: 400;\" aria-level=\"1\"><span style=\"font-weight: 400;\">palloncini amore;<\/span><\/li>\r\n \t<li style=\"font-weight: 400;\" aria-level=\"1\"><span style=\"font-weight: 400;\">palloncini matrimoni;<\/span><\/li>\r\n \t<li style=\"font-weight: 400;\" aria-level=\"1\"><span style=\"font-weight: 400;\">palloncini anniversario;<\/span><\/li>\r\n \t<li style=\"font-weight: 400;\" aria-level=\"1\"><span style=\"font-weight: 400;\">palloncini occasioni speciali;<\/span><\/li>\r\n \t<li style=\"font-weight: 400;\" aria-level=\"1\"><span style=\"font-weight: 400;\">palloncini celebrazioni religiose;<\/span><\/li>\r\n \t<li style=\"font-weight: 400;\" aria-level=\"1\"><span style=\"font-weight: 400;\">palloncini Halloween.<\/span><\/li>\r\n<\/ul>\r\n<span style=\"font-weight: 400;\">Imparare a combinare tra loro forme e colori \u00e8 l\u2019obiettivo dei corsi palloncini tenuti proprio dai membri della Gemar Family e del processo di selezione per entrare a farne parte.<\/span>\r\n\r\nVisitare la pagina eventi del sito permette di non perdere i prossimi Gemar Day. Per conoscere i prodotti si pu\u00f2 visitare lo <a href=\"https:\/\/shop.gemar.it\/it\/\" target=\"_blank\" rel=\"noopener\"><strong>shop<\/strong><\/a> online.\r\n\r\n&nbsp;"},"yoast_head":"<!-- This site is optimized with the Yoast SEO plugin v27.4 - https:\/\/yoast.com\/product\/yoast-seo-wordpress\/ -->\n<title>Famiglia Gemar - Gemar Balloons<\/title>\n<meta name=\"description\" content=\"Scopri la Gemar Family: maestri di balloon art riconosciuti! Partecipa ai nostri corsi e Gemar Day. Trasforma l&#039;ispirazione in opere d&#039;arte.\" \/>\n<meta name=\"robots\" content=\"index, follow, max-snippet:-1, max-image-preview:large, max-video-preview:-1\" \/>\n<link rel=\"canonical\" href=\"https:\/\/gemarballoons.com\/it\/balloon-training\/gemar-family\/\" \/>\n<meta property=\"og:locale\" content=\"it_IT\" \/>\n<meta property=\"og:type\" content=\"article\" \/>\n<meta property=\"og:title\" content=\"Famiglia Gemar - Gemar Balloons\" \/>\n<meta property=\"og:description\" content=\"Scopri la Gemar Family: maestri di balloon art riconosciuti! Partecipa ai nostri corsi e Gemar Day. Trasforma l&#039;ispirazione in opere d&#039;arte.\" \/>\n<meta property=\"og:url\" content=\"https:\/\/gemarballoons.com\/it\/balloon-training\/gemar-family\/\" \/>\n<meta property=\"og:site_name\" content=\"Gemar Balloons\" \/>\n<meta property=\"article:modified_time\" content=\"2025-07-18T09:54:09+00:00\" \/>\n<meta name=\"twitter:card\" content=\"summary_large_image\" \/>\n<script type=\"application\/ld+json\" class=\"yoast-schema-graph\">{\"@context\":\"https:\\\/\\\/schema.org\",\"@graph\":[{\"@type\":\"WebPage\",\"@id\":\"https:\\\/\\\/gemarballoons.com\\\/it\\\/balloon-training\\\/gemar-family\\\/\",\"url\":\"https:\\\/\\\/gemarballoons.com\\\/it\\\/balloon-training\\\/gemar-family\\\/\",\"name\":\"Famiglia Gemar - Gemar Balloons\",\"isPartOf\":{\"@id\":\"https:\\\/\\\/gemarballoons.com\\\/es\\\/#website\"},\"datePublished\":\"2024-09-26T13:18:51+00:00\",\"dateModified\":\"2025-07-18T09:54:09+00:00\",\"description\":\"Scopri la Gemar Family: maestri di balloon art riconosciuti! Partecipa ai nostri corsi e Gemar Day. Trasforma l'ispirazione in opere d'arte.\",\"breadcrumb\":{\"@id\":\"https:\\\/\\\/gemarballoons.com\\\/it\\\/balloon-training\\\/gemar-family\\\/#breadcrumb\"},\"inLanguage\":\"it-IT\",\"potentialAction\":[{\"@type\":\"ReadAction\",\"target\":[\"https:\\\/\\\/gemarballoons.com\\\/it\\\/balloon-training\\\/gemar-family\\\/\"]}]},{\"@type\":\"BreadcrumbList\",\"@id\":\"https:\\\/\\\/gemarballoons.com\\\/it\\\/balloon-training\\\/gemar-family\\\/#breadcrumb\",\"itemListElement\":[{\"@type\":\"ListItem\",\"position\":1,\"name\":\"Home\",\"item\":\"https:\\\/\\\/gemarballoons.com\\\/it\\\/\"},{\"@type\":\"ListItem\",\"position\":2,\"name\":\"Formazione\",\"item\":\"https:\\\/\\\/gemarballoons.com\\\/it\\\/balloon-training\\\/\"},{\"@type\":\"ListItem\",\"position\":3,\"name\":\"Famiglia Gemar\"}]},{\"@type\":\"WebSite\",\"@id\":\"https:\\\/\\\/gemarballoons.com\\\/es\\\/#website\",\"url\":\"https:\\\/\\\/gemarballoons.com\\\/es\\\/\",\"name\":\"Gemar Balloons\",\"description\":\"\",\"potentialAction\":[{\"@type\":\"SearchAction\",\"target\":{\"@type\":\"EntryPoint\",\"urlTemplate\":\"https:\\\/\\\/gemarballoons.com\\\/es\\\/?s={search_term_string}\"},\"query-input\":{\"@type\":\"PropertyValueSpecification\",\"valueRequired\":true,\"valueName\":\"search_term_string\"}}],\"inLanguage\":\"it-IT\"}]}<\/script>\n<!-- \/ Yoast SEO plugin. -->","yoast_head_json":{"title":"Famiglia Gemar - Gemar Balloons","description":"Scopri la Gemar Family: maestri di balloon art riconosciuti! Partecipa ai nostri corsi e Gemar Day. Trasforma l'ispirazione in opere d'arte.","robots":{"index":"index","follow":"follow","max-snippet":"max-snippet:-1","max-image-preview":"max-image-preview:large","max-video-preview":"max-video-preview:-1"},"canonical":"https:\/\/gemarballoons.com\/it\/balloon-training\/gemar-family\/","og_locale":"it_IT","og_type":"article","og_title":"Famiglia Gemar - Gemar Balloons","og_description":"Scopri la Gemar Family: maestri di balloon art riconosciuti! Partecipa ai nostri corsi e Gemar Day. Trasforma l'ispirazione in opere d'arte.","og_url":"https:\/\/gemarballoons.com\/it\/balloon-training\/gemar-family\/","og_site_name":"Gemar Balloons","article_modified_time":"2025-07-18T09:54:09+00:00","twitter_card":"summary_large_image","schema":{"@context":"https:\/\/schema.org","@graph":[{"@type":"WebPage","@id":"https:\/\/gemarballoons.com\/it\/balloon-training\/gemar-family\/","url":"https:\/\/gemarballoons.com\/it\/balloon-training\/gemar-family\/","name":"Famiglia Gemar - Gemar Balloons","isPartOf":{"@id":"https:\/\/gemarballoons.com\/es\/#website"},"datePublished":"2024-09-26T13:18:51+00:00","dateModified":"2025-07-18T09:54:09+00:00","description":"Scopri la Gemar Family: maestri di balloon art riconosciuti! Partecipa ai nostri corsi e Gemar Day. Trasforma l'ispirazione in opere d'arte.","breadcrumb":{"@id":"https:\/\/gemarballoons.com\/it\/balloon-training\/gemar-family\/#breadcrumb"},"inLanguage":"it-IT","potentialAction":[{"@type":"ReadAction","target":["https:\/\/gemarballoons.com\/it\/balloon-training\/gemar-family\/"]}]},{"@type":"BreadcrumbList","@id":"https:\/\/gemarballoons.com\/it\/balloon-training\/gemar-family\/#breadcrumb","itemListElement":[{"@type":"ListItem","position":1,"name":"Home","item":"https:\/\/gemarballoons.com\/it\/"},{"@type":"ListItem","position":2,"name":"Formazione","item":"https:\/\/gemarballoons.com\/it\/balloon-training\/"},{"@type":"ListItem","position":3,"name":"Famiglia Gemar"}]},{"@type":"WebSite","@id":"https:\/\/gemarballoons.com\/es\/#website","url":"https:\/\/gemarballoons.com\/es\/","name":"Gemar Balloons","description":"","potentialAction":[{"@type":"SearchAction","target":{"@type":"EntryPoint","urlTemplate":"https:\/\/gemarballoons.com\/es\/?s={search_term_string}"},"query-input":{"@type":"PropertyValueSpecification","valueRequired":true,"valueName":"search_term_string"}}],"inLanguage":"it-IT"}]}},"_links":{"self":[{"href":"https:\/\/gemarballoons.com\/it\/wp-json\/wp\/v2\/pages\/111823","targetHints":{"allow":["GET"]}}],"collection":[{"href":"https:\/\/gemarballoons.com\/it\/wp-json\/wp\/v2\/pages"}],"about":[{"href":"https:\/\/gemarballoons.com\/it\/wp-json\/wp\/v2\/types\/page"}],"author":[{"embeddable":true,"href":"https:\/\/gemarballoons.com\/it\/wp-json\/wp\/v2\/users\/1"}],"replies":[{"embeddable":true,"href":"https:\/\/gemarballoons.com\/it\/wp-json\/wp\/v2\/comments?post=111823"}],"version-history":[{"count":3,"href":"https:\/\/gemarballoons.com\/it\/wp-json\/wp\/v2\/pages\/111823\/revisions"}],"predecessor-version":[{"id":114737,"href":"https:\/\/gemarballoons.com\/it\/wp-json\/wp\/v2\/pages\/111823\/revisions\/114737"}],"up":[{"embeddable":true,"href":"https:\/\/gemarballoons.com\/it\/wp-json\/wp\/v2\/pages\/112003"}],"wp:attachment":[{"href":"https:\/\/gemarballoons.com\/it\/wp-json\/wp\/v2\/media?parent=111823"}],"curies":[{"name":"wp","href":"https:\/\/api.w.org\/{rel}","templated":true}]}}