{"id":112097,"date":"2024-07-19T18:30:26","date_gmt":"2024-07-19T16:30:26","guid":{"rendered":"https:\/\/gemarballoons.com\/balloons\/"},"modified":"2025-10-30T16:39:07","modified_gmt":"2025-10-30T15:39:07","slug":"balloons","status":"publish","type":"page","link":"https:\/\/gemarballoons.com\/it\/balloons\/","title":{"rendered":"Prodotti"},"content":{"rendered":"","protected":false},"excerpt":{"rendered":"","protected":false},"author":1,"featured_media":0,"parent":0,"menu_order":0,"comment_status":"closed","ping_status":"closed","template":"templates\/page-products.php","meta":{"_acf_changed":false,"inline_featured_image":false,"footnotes":""},"class_list":["post-112097","page","type-page","status-publish","hentry"],"acf":{"seo_text":"<span style=\"font-weight: 400;\">I <strong>palloncini Gemar<\/strong> sono declinati in veri colori e forme. Sono divertimento allo stato puro per ogni occasione.\u00a0<\/span>\r\n\r\n<span style=\"font-weight: 400;\">Gemar produce palloncini in lattice, un materiale naturale che, combinato con i pigmenti di altissima qualit\u00e0, riesce a rendere il colore vivido e brillante.<\/span>\r\n\r\n<span style=\"font-weight: 400;\">I <strong>palloncini in lattice di ottima qualit\u00e0<\/strong> Gemar ispirano, ogni giorno, le opere d<\/span><span style=\"font-weight: 400;\">\u2019<\/span><span style=\"font-weight: 400;\">arte pi\u00f9 belle. Gemar \u00e8 la <strong>storia dei palloncini<\/strong> nel mondo e in 121 anni di storia \u00e8 il punto di riferimento del settore.\u00a0<\/span>\r\n\r\n<span style=\"font-weight: 400;\">Gemar propone palloncini di diversi colori, forme e dimensioni. Il <strong>catalogo palloncini<\/strong> Gemar si aggiorna ogni anno con la proposta di nuovi colori, disponibili in diverse varianti.<\/span>\r\n\r\n<span style=\"font-weight: 400;\">Le dimensioni e le <a href=\"https:\/\/gemarballoons.com\/it\/balloons\/forme\/\" target=\"_blank\" rel=\"noopener\"><strong>forme dei palloncini Gemar<\/strong><\/a> moltiplicano all<\/span><span style=\"font-weight: 400;\">\u2019<\/span><span style=\"font-weight: 400;\">infinito le possibilit\u00e0 per i decoratori e i balloon artist di dare sfogo alla loro fantasia. Gemar vuole dare un supporto nel condividere i progetti con i clienti e per poterli trasformare in realt\u00e0 ha sviluppato <a href=\"https:\/\/www.gemarcreator.com\/\" target=\"_blank\" rel=\"noopener\"><strong>Gemar Creator<\/strong><\/a>.<\/span>\r\n\r\n<span style=\"font-weight: 400;\">Partecipare ai <strong>corsi palloncini<\/strong> Gemar significa restare sempre aggiornati sulle tendenze. Per scoprire i suoi nuovi colori disponibili e avere informazioni sugli <strong>eventi<\/strong> nella sezione news del Gemar blog.<\/span>\r\n\r\n<span style=\"font-weight: 400;\">La <strong>sostenibilit\u00e0<\/strong> per Gemar \u00e8 un punto saldo, \u00e8 possibile scoprire di pi\u00f9 sulla politica e sulle certificazioni ottenute nella sezione dedicata alla sostenibilit\u00e0.<\/span>\r\n\r\n<span style=\"font-weight: 400;\">Un <\/span><span style=\"font-weight: 400;\">rivenditore, un professionista del settore o un distributore pu\u00f2 trovare tutti i palloncini di cui ha bisogno nel catalogo Gemar e lasciarsi conquistare dalla variet\u00e0 della nostra offerta.<\/span>\r\n\r\n<span style=\"font-weight: 400;\">I palloncini Gemar sono disponibili in pi\u00f9 di 100 colori e nelle varianti:<\/span>\r\n<ul>\r\n \t<li style=\"font-weight: 400;\" aria-level=\"1\"><span style=\"font-weight: 400;\">standard;<\/span><\/li>\r\n \t<li style=\"font-weight: 400;\" aria-level=\"1\"><span style=\"font-weight: 400;\">crystal;<\/span><\/li>\r\n \t<li style=\"font-weight: 400;\" aria-level=\"1\"><span style=\"font-weight: 400;\">neon;<\/span><\/li>\r\n \t<li style=\"font-weight: 400;\" aria-level=\"1\"><span style=\"font-weight: 400;\">metallic;<\/span><\/li>\r\n \t<li style=\"font-weight: 400;\" aria-level=\"1\"><span style=\"font-weight: 400;\">shiny.\u00a0<\/span><\/li>\r\n<\/ul>\r\n<span style=\"font-weight: 400;\">Colori vivaci, unici e praticamente infiniti che possono essere declinati nelle diverse forme dei palloncini Gemar:<\/span>\r\n<ul>\r\n \t<li style=\"font-weight: 400;\" aria-level=\"1\"><span style=\"font-weight: 400;\">palloncini giganti, disponibili nella versione standard;<\/span><\/li>\r\n \t<li style=\"font-weight: 400;\" aria-level=\"1\"><span style=\"font-weight: 400;\">bombe d\u2019acqua, disponibili nelle versioni standard e neon;<\/span><\/li>\r\n \t<li style=\"font-weight: 400;\" aria-level=\"1\"><span style=\"font-weight: 400;\">palloncini in lattice di ottima qualit\u00e0;<\/span><\/li>\r\n \t<li style=\"font-weight: 400;\" aria-level=\"1\"><span style=\"font-weight: 400;\">palloncini G-Link, disponibili nelle versioni standard, metallizzati, crystal;\u00a0<\/span><\/li>\r\n \t<li style=\"font-weight: 400;\" aria-level=\"1\"><span style=\"font-weight: 400;\">palloncini forma cuore, disponibili nelle versioni standard, metallizzati, crystal;<\/span><\/li>\r\n \t<li style=\"font-weight: 400;\" aria-level=\"1\"><span style=\"font-weight: 400;\">palloncini modellabili, disponibili nelle versioni standard, metallizzati, crystal; SHINY<\/span><\/li>\r\n \t<li style=\"font-weight: 400;\" aria-level=\"1\"><span style=\"font-weight: 400;\">palloncini trasparenti da riempire con regali, disponibili nella versione crystal;<\/span><\/li>\r\n \t<li style=\"font-weight: 400;\" aria-level=\"1\"><span style=\"font-weight: 400;\">punch ball, disponibili nelle versioni standard, metallizzati, neon;<\/span><\/li>\r\n \t<li style=\"font-weight: 400;\" aria-level=\"1\"><span style=\"font-weight: 400;\">palloncini multiforma, disponibili nella versione standard.<\/span><\/li>\r\n<\/ul>\r\n<span style=\"font-weight: 400;\">E nelle diverse stampe:\u00a0<\/span>\r\n<ul>\r\n \t<li style=\"font-weight: 400;\" aria-level=\"1\"><span style=\"font-weight: 400;\">palloncini compleanno;<\/span><\/li>\r\n \t<li style=\"font-weight: 400;\" aria-level=\"1\"><span style=\"font-weight: 400;\">palloncini eventi;<\/span><\/li>\r\n \t<li style=\"font-weight: 400;\" aria-level=\"1\"><span style=\"font-weight: 400;\">palloncini nascita;<\/span><\/li>\r\n \t<li style=\"font-weight: 400;\" aria-level=\"1\"><span style=\"font-weight: 400;\">palloncini amore;<\/span><\/li>\r\n \t<li style=\"font-weight: 400;\" aria-level=\"1\"><span style=\"font-weight: 400;\">palloncini matrimonio;<\/span><\/li>\r\n \t<li style=\"font-weight: 400;\" aria-level=\"1\"><span style=\"font-weight: 400;\">palloncini anniversario;<\/span><\/li>\r\n \t<li style=\"font-weight: 400;\" aria-level=\"1\"><span style=\"font-weight: 400;\">palloncini occasioni speciali;<\/span><\/li>\r\n \t<li style=\"font-weight: 400;\" aria-level=\"1\"><span style=\"font-weight: 400;\">palloncini celebrazioni religiose;<\/span><\/li>\r\n \t<li style=\"font-weight: 400;\" aria-level=\"1\"><span style=\"font-weight: 400;\">palloncini Halloween.<\/span><\/li>\r\n<\/ul>\r\n<span style=\"font-weight: 400;\">I palloncini foil Gemar sono disponibili nelle versioni:<\/span>\r\n<ul>\r\n \t<li style=\"font-weight: 400;\" aria-level=\"1\"><span style=\"font-weight: 400;\">palloncini foil\u00a0 numero;<\/span><\/li>\r\n \t<li style=\"font-weight: 400;\" aria-level=\"1\"><span style=\"font-weight: 400;\">palloncini foil lettere;<\/span><\/li>\r\n \t<li style=\"font-weight: 400;\" aria-level=\"1\"><span style=\"font-weight: 400;\">palloncini foil rotondi;<\/span><\/li>\r\n \t<li style=\"font-weight: 400;\" aria-level=\"1\"><span style=\"font-weight: 400;\">palloncini foil cuore.<\/span><\/li>\r\n \t<li style=\"font-weight: 400;\" aria-level=\"1\"><span style=\"font-weight: 400;\">palloncini foil stella<\/span><span style=\"font-weight: 400;\">p<\/span><\/li>\r\n<\/ul>\r\n<span style=\"font-weight: 400;\">Ma non \u00e8 finita qui! La produzione si arricchisce con una gamma completa di accessori per palloncini.<\/span>\r\n\r\n<span style=\"font-weight: 400;\">Sfogliare il catalogo Gemar e scoprire tutti i prodotti \u00e8 un<\/span><span style=\"font-weight: 400;\">\u2019<\/span><span style=\"font-weight: 400;\">esperienza unica cos\u00ec come visitare la pagina <strong>Gemar contatti<\/strong>. I prodotti Gemar sono disponibili anche sullo <strong>shop<\/strong> online.\u00a0<\/span>"},"yoast_head":"<!-- This site is optimized with the Yoast SEO plugin v27.4 - https:\/\/yoast.com\/product\/yoast-seo-wordpress\/ -->\n<title>Prodotti - Gemar Balloons<\/title>\n<meta name=\"description\" content=\"Scopri i palloncini Gemar: oltre 100 colori e forme, qualit\u00e0 superiore e sostenibilit\u00e0. Un mondo di creativit\u00e0 per decoratori.\" \/>\n<meta name=\"robots\" content=\"index, follow, max-snippet:-1, max-image-preview:large, max-video-preview:-1\" \/>\n<link rel=\"canonical\" href=\"https:\/\/gemarballoons.com\/it\/balloons\/\" \/>\n<meta property=\"og:locale\" content=\"it_IT\" \/>\n<meta property=\"og:type\" content=\"article\" \/>\n<meta property=\"og:title\" content=\"Prodotti - Gemar Balloons\" \/>\n<meta property=\"og:description\" content=\"Scopri i palloncini Gemar: oltre 100 colori e forme, qualit\u00e0 superiore e sostenibilit\u00e0. Un mondo di creativit\u00e0 per decoratori.\" \/>\n<meta property=\"og:url\" content=\"https:\/\/gemarballoons.com\/it\/balloons\/\" \/>\n<meta property=\"og:site_name\" content=\"Gemar Balloons\" \/>\n<meta property=\"article:modified_time\" content=\"2025-10-30T15:39:07+00:00\" \/>\n<meta name=\"twitter:card\" content=\"summary_large_image\" \/>\n<script type=\"application\/ld+json\" class=\"yoast-schema-graph\">{\"@context\":\"https:\\\/\\\/schema.org\",\"@graph\":[{\"@type\":\"WebPage\",\"@id\":\"https:\\\/\\\/gemarballoons.com\\\/it\\\/balloons\\\/\",\"url\":\"https:\\\/\\\/gemarballoons.com\\\/it\\\/balloons\\\/\",\"name\":\"Prodotti - Gemar Balloons\",\"isPartOf\":{\"@id\":\"https:\\\/\\\/gemarballoons.com\\\/es\\\/#website\"},\"datePublished\":\"2024-07-19T16:30:26+00:00\",\"dateModified\":\"2025-10-30T15:39:07+00:00\",\"description\":\"Scopri i palloncini Gemar: oltre 100 colori e forme, qualit\u00e0 superiore e sostenibilit\u00e0. Un mondo di creativit\u00e0 per decoratori.\",\"breadcrumb\":{\"@id\":\"https:\\\/\\\/gemarballoons.com\\\/it\\\/balloons\\\/#breadcrumb\"},\"inLanguage\":\"it-IT\",\"potentialAction\":[{\"@type\":\"ReadAction\",\"target\":[\"https:\\\/\\\/gemarballoons.com\\\/it\\\/balloons\\\/\"]}]},{\"@type\":\"BreadcrumbList\",\"@id\":\"https:\\\/\\\/gemarballoons.com\\\/it\\\/balloons\\\/#breadcrumb\",\"itemListElement\":[{\"@type\":\"ListItem\",\"position\":1,\"name\":\"Home\",\"item\":\"https:\\\/\\\/gemarballoons.com\\\/it\\\/\"},{\"@type\":\"ListItem\",\"position\":2,\"name\":\"Prodotti\"}]},{\"@type\":\"WebSite\",\"@id\":\"https:\\\/\\\/gemarballoons.com\\\/es\\\/#website\",\"url\":\"https:\\\/\\\/gemarballoons.com\\\/es\\\/\",\"name\":\"Gemar Balloons\",\"description\":\"\",\"potentialAction\":[{\"@type\":\"SearchAction\",\"target\":{\"@type\":\"EntryPoint\",\"urlTemplate\":\"https:\\\/\\\/gemarballoons.com\\\/es\\\/?s={search_term_string}\"},\"query-input\":{\"@type\":\"PropertyValueSpecification\",\"valueRequired\":true,\"valueName\":\"search_term_string\"}}],\"inLanguage\":\"it-IT\"}]}<\/script>\n<!-- \/ Yoast SEO plugin. -->","yoast_head_json":{"title":"Prodotti - Gemar Balloons","description":"Scopri i palloncini Gemar: oltre 100 colori e forme, qualit\u00e0 superiore e sostenibilit\u00e0. Un mondo di creativit\u00e0 per decoratori.","robots":{"index":"index","follow":"follow","max-snippet":"max-snippet:-1","max-image-preview":"max-image-preview:large","max-video-preview":"max-video-preview:-1"},"canonical":"https:\/\/gemarballoons.com\/it\/balloons\/","og_locale":"it_IT","og_type":"article","og_title":"Prodotti - Gemar Balloons","og_description":"Scopri i palloncini Gemar: oltre 100 colori e forme, qualit\u00e0 superiore e sostenibilit\u00e0. Un mondo di creativit\u00e0 per decoratori.","og_url":"https:\/\/gemarballoons.com\/it\/balloons\/","og_site_name":"Gemar Balloons","article_modified_time":"2025-10-30T15:39:07+00:00","twitter_card":"summary_large_image","schema":{"@context":"https:\/\/schema.org","@graph":[{"@type":"WebPage","@id":"https:\/\/gemarballoons.com\/it\/balloons\/","url":"https:\/\/gemarballoons.com\/it\/balloons\/","name":"Prodotti - Gemar Balloons","isPartOf":{"@id":"https:\/\/gemarballoons.com\/es\/#website"},"datePublished":"2024-07-19T16:30:26+00:00","dateModified":"2025-10-30T15:39:07+00:00","description":"Scopri i palloncini Gemar: oltre 100 colori e forme, qualit\u00e0 superiore e sostenibilit\u00e0. Un mondo di creativit\u00e0 per decoratori.","breadcrumb":{"@id":"https:\/\/gemarballoons.com\/it\/balloons\/#breadcrumb"},"inLanguage":"it-IT","potentialAction":[{"@type":"ReadAction","target":["https:\/\/gemarballoons.com\/it\/balloons\/"]}]},{"@type":"BreadcrumbList","@id":"https:\/\/gemarballoons.com\/it\/balloons\/#breadcrumb","itemListElement":[{"@type":"ListItem","position":1,"name":"Home","item":"https:\/\/gemarballoons.com\/it\/"},{"@type":"ListItem","position":2,"name":"Prodotti"}]},{"@type":"WebSite","@id":"https:\/\/gemarballoons.com\/es\/#website","url":"https:\/\/gemarballoons.com\/es\/","name":"Gemar Balloons","description":"","potentialAction":[{"@type":"SearchAction","target":{"@type":"EntryPoint","urlTemplate":"https:\/\/gemarballoons.com\/es\/?s={search_term_string}"},"query-input":{"@type":"PropertyValueSpecification","valueRequired":true,"valueName":"search_term_string"}}],"inLanguage":"it-IT"}]}},"_links":{"self":[{"href":"https:\/\/gemarballoons.com\/it\/wp-json\/wp\/v2\/pages\/112097","targetHints":{"allow":["GET"]}}],"collection":[{"href":"https:\/\/gemarballoons.com\/it\/wp-json\/wp\/v2\/pages"}],"about":[{"href":"https:\/\/gemarballoons.com\/it\/wp-json\/wp\/v2\/types\/page"}],"author":[{"embeddable":true,"href":"https:\/\/gemarballoons.com\/it\/wp-json\/wp\/v2\/users\/1"}],"replies":[{"embeddable":true,"href":"https:\/\/gemarballoons.com\/it\/wp-json\/wp\/v2\/comments?post=112097"}],"version-history":[{"count":8,"href":"https:\/\/gemarballoons.com\/it\/wp-json\/wp\/v2\/pages\/112097\/revisions"}],"predecessor-version":[{"id":117582,"href":"https:\/\/gemarballoons.com\/it\/wp-json\/wp\/v2\/pages\/112097\/revisions\/117582"}],"wp:attachment":[{"href":"https:\/\/gemarballoons.com\/it\/wp-json\/wp\/v2\/media?parent=112097"}],"curies":[{"name":"wp","href":"https:\/\/api.w.org\/{rel}","templated":true}]}}