{"id":112161,"date":"2024-07-31T17:27:19","date_gmt":"2024-07-31T15:27:19","guid":{"rendered":"https:\/\/gemarballoons.com\/gemar-contacts\/"},"modified":"2025-07-18T12:33:38","modified_gmt":"2025-07-18T10:33:38","slug":"gemar-contacts","status":"publish","type":"page","link":"https:\/\/gemarballoons.com\/it\/gemar-contacts\/","title":{"rendered":"Contatti"},"content":{"rendered":"","protected":false},"excerpt":{"rendered":"","protected":false},"author":2,"featured_media":0,"parent":0,"menu_order":0,"comment_status":"closed","ping_status":"closed","template":"templates\/page-contact.php","meta":{"_acf_changed":false,"inline_featured_image":false,"footnotes":""},"class_list":["post-112161","page","type-page","status-publish","hentry"],"acf":{"seo_text":"<span style=\"font-weight: 400;\">Contattare Gemar \u00e8 semplice, l\u2019azienda \u00e8 disponibile per rispondere a tutte le domande o esigenza riguardanti i prodotti e i servizi.<\/span><span style=\"font-weight: 400;\">\r\n<\/span>\r\n\r\n<span style=\"font-weight: 400;\">Per chi cerca un <strong>distributore Gemar<\/strong> nella sua zona pu\u00f2 visitare la sezione <a href=\"https:\/\/gemarballoons.com\/it\/gemar-resources\/distributors\/\" target=\"_blank\" rel=\"noopener\"><strong>trova un distributore <\/strong><\/a>per individuare quello pi\u00f9 vicino. <\/span>\r\n\r\n<span style=\"font-weight: 400;\">Il servizio clienti \u00e8 a disposizione per chiarire tutti i tuoi dubbi per aiutarti a fare la scelta giusta per ogni esigenze offrendo un'ampia selezione di <strong>palloncini Gemar<\/strong> in diversi colori e dimensioni, oltre a una variet\u00e0 di forme per ogni occasione, che siano <strong>palloncini compleanno,<\/strong> <strong>palloncini matrimonio<\/strong>, <strong>palloncini baby shower<\/strong> o <strong>palloncini celebrazioni religiose<\/strong>.<\/span>\r\n\r\n<span style=\"font-weight: 400;\">Scoprire la collezione completa di palloncini Gemar, che include tutte le dimensioni, forme e colori, \u00e8 facile. Sfogliare il <strong>catalogo Gemar<\/strong> \u00e8 molto intuitivo ed \u00e8 possibile trovare i palloncini perfetti per ogni evento ed \u00e8 possibile approfittare della comodit\u00e0 di acquistare direttamente online e ricevere gli acquisti comodamente a casa.\u00a0<\/span>\r\n\r\n<span style=\"font-weight: 400;\">In questa pagina \u00e8 possibile trovare il link diretto per esplorare lo <strong><a href=\"https:\/\/shop.gemar.it\/it\/\" target=\"_blank\" rel=\"noopener\">shop online<\/a><\/strong>. Il consiglio migliore per scoprire la collezione completa di palloncini Gemar. Tutti i palloncini Gemar sono selezionati con cura per garantire qualit\u00e0 e originalit\u00e0, assicurando che ognuna riesca a rendere ogni celebrazione unica e memorabile.<\/span>\r\n\r\n<span style=\"font-weight: 400;\">Rimanere sempre aggiornati con le ultime novit\u00e0 \u00e8 possibile su <strong>Gemar blog<\/strong>. Iscriversi alla newsletter \u00e8 necessario per ricevere aggiornamenti su nuovi prodotti, sui<strong> corsi palloncini<\/strong>, e le iniziative di <strong>sostenibilit\u00e0 <\/strong>Gemar e restare aggiornati sulle offerte speciali e le ispirazioni per la balloon art che possono aiutare a trasformare le idee in realt\u00e0 straordinarie.<\/span>\r\n\r\n<span style=\"font-weight: 400;\">Per qualsiasi richiesta o ulteriori dettagli sulla storia di Gemar e sui prodotti, si pu\u00f2 contattare attraverso:<\/span>\r\n<ul>\r\n \t<li style=\"font-weight: 400;\" aria-level=\"1\"><span style=\"font-weight: 400;\">email:<\/span><\/li>\r\n \t<li style=\"font-weight: 400;\" aria-level=\"1\"><span style=\"font-weight: 400;\">telefono. \u00a0<\/span><\/li>\r\n<\/ul>\r\n<span style=\"font-weight: 400;\">L'obiettivo \u00e8 quello di offrire tutto il supporto possibile e per rispondere a ogni domanda.\u00a0<\/span>\r\n\r\n<span style=\"font-weight: 400;\">Contattare Gemar, oggi stesso, \u00e8 possibile grazie al form sulla pagina contatti e scoprire tutto ci\u00f2 che Gemar ha da offrire. Aiutare a trovare la soluzione perfetta per rispondere a tutte le esigenze \u00e8 una missione per Gemar che fornisce le informazioni necessarie per un'esperienza eccellente con tutti i suoi prodotti.<\/span>"},"yoast_head":"<!-- This site is optimized with the Yoast SEO plugin v27.4 - https:\/\/yoast.com\/product\/yoast-seo-wordpress\/ -->\n<title>Contatti - Gemar Balloons<\/title>\n<meta name=\"description\" content=\"I contatti Gemar sono utili per chiedere per informazioni su prodotti, ordini e distributori. Scopri il catalogo online e ricevi supporto.\" \/>\n<meta name=\"robots\" content=\"index, follow, max-snippet:-1, max-image-preview:large, max-video-preview:-1\" \/>\n<link rel=\"canonical\" href=\"https:\/\/gemarballoons.com\/it\/gemar-contacts\/\" \/>\n<meta property=\"og:locale\" content=\"it_IT\" \/>\n<meta property=\"og:type\" content=\"article\" \/>\n<meta property=\"og:title\" content=\"Contatti - Gemar Balloons\" \/>\n<meta property=\"og:description\" content=\"I contatti Gemar sono utili per chiedere per informazioni su prodotti, ordini e distributori. Scopri il catalogo online e ricevi supporto.\" \/>\n<meta property=\"og:url\" content=\"https:\/\/gemarballoons.com\/it\/gemar-contacts\/\" \/>\n<meta property=\"og:site_name\" content=\"Gemar Balloons\" \/>\n<meta property=\"article:modified_time\" content=\"2025-07-18T10:33:38+00:00\" \/>\n<meta name=\"twitter:card\" content=\"summary_large_image\" \/>\n<script type=\"application\/ld+json\" class=\"yoast-schema-graph\">{\"@context\":\"https:\\\/\\\/schema.org\",\"@graph\":[{\"@type\":\"WebPage\",\"@id\":\"https:\\\/\\\/gemarballoons.com\\\/it\\\/gemar-contacts\\\/\",\"url\":\"https:\\\/\\\/gemarballoons.com\\\/it\\\/gemar-contacts\\\/\",\"name\":\"Contatti - Gemar Balloons\",\"isPartOf\":{\"@id\":\"https:\\\/\\\/gemarballoons.com\\\/es\\\/#website\"},\"datePublished\":\"2024-07-31T15:27:19+00:00\",\"dateModified\":\"2025-07-18T10:33:38+00:00\",\"description\":\"I contatti Gemar sono utili per chiedere per informazioni su prodotti, ordini e distributori. Scopri il catalogo online e ricevi supporto.\",\"breadcrumb\":{\"@id\":\"https:\\\/\\\/gemarballoons.com\\\/it\\\/gemar-contacts\\\/#breadcrumb\"},\"inLanguage\":\"it-IT\",\"potentialAction\":[{\"@type\":\"ReadAction\",\"target\":[\"https:\\\/\\\/gemarballoons.com\\\/it\\\/gemar-contacts\\\/\"]}]},{\"@type\":\"BreadcrumbList\",\"@id\":\"https:\\\/\\\/gemarballoons.com\\\/it\\\/gemar-contacts\\\/#breadcrumb\",\"itemListElement\":[{\"@type\":\"ListItem\",\"position\":1,\"name\":\"Home\",\"item\":\"https:\\\/\\\/gemarballoons.com\\\/it\\\/\"},{\"@type\":\"ListItem\",\"position\":2,\"name\":\"Contatti\"}]},{\"@type\":\"WebSite\",\"@id\":\"https:\\\/\\\/gemarballoons.com\\\/es\\\/#website\",\"url\":\"https:\\\/\\\/gemarballoons.com\\\/es\\\/\",\"name\":\"Gemar Balloons\",\"description\":\"\",\"potentialAction\":[{\"@type\":\"SearchAction\",\"target\":{\"@type\":\"EntryPoint\",\"urlTemplate\":\"https:\\\/\\\/gemarballoons.com\\\/es\\\/?s={search_term_string}\"},\"query-input\":{\"@type\":\"PropertyValueSpecification\",\"valueRequired\":true,\"valueName\":\"search_term_string\"}}],\"inLanguage\":\"it-IT\"}]}<\/script>\n<!-- \/ Yoast SEO plugin. -->","yoast_head_json":{"title":"Contatti - Gemar Balloons","description":"I contatti Gemar sono utili per chiedere per informazioni su prodotti, ordini e distributori. Scopri il catalogo online e ricevi supporto.","robots":{"index":"index","follow":"follow","max-snippet":"max-snippet:-1","max-image-preview":"max-image-preview:large","max-video-preview":"max-video-preview:-1"},"canonical":"https:\/\/gemarballoons.com\/it\/gemar-contacts\/","og_locale":"it_IT","og_type":"article","og_title":"Contatti - Gemar Balloons","og_description":"I contatti Gemar sono utili per chiedere per informazioni su prodotti, ordini e distributori. Scopri il catalogo online e ricevi supporto.","og_url":"https:\/\/gemarballoons.com\/it\/gemar-contacts\/","og_site_name":"Gemar Balloons","article_modified_time":"2025-07-18T10:33:38+00:00","twitter_card":"summary_large_image","schema":{"@context":"https:\/\/schema.org","@graph":[{"@type":"WebPage","@id":"https:\/\/gemarballoons.com\/it\/gemar-contacts\/","url":"https:\/\/gemarballoons.com\/it\/gemar-contacts\/","name":"Contatti - Gemar Balloons","isPartOf":{"@id":"https:\/\/gemarballoons.com\/es\/#website"},"datePublished":"2024-07-31T15:27:19+00:00","dateModified":"2025-07-18T10:33:38+00:00","description":"I contatti Gemar sono utili per chiedere per informazioni su prodotti, ordini e distributori. Scopri il catalogo online e ricevi supporto.","breadcrumb":{"@id":"https:\/\/gemarballoons.com\/it\/gemar-contacts\/#breadcrumb"},"inLanguage":"it-IT","potentialAction":[{"@type":"ReadAction","target":["https:\/\/gemarballoons.com\/it\/gemar-contacts\/"]}]},{"@type":"BreadcrumbList","@id":"https:\/\/gemarballoons.com\/it\/gemar-contacts\/#breadcrumb","itemListElement":[{"@type":"ListItem","position":1,"name":"Home","item":"https:\/\/gemarballoons.com\/it\/"},{"@type":"ListItem","position":2,"name":"Contatti"}]},{"@type":"WebSite","@id":"https:\/\/gemarballoons.com\/es\/#website","url":"https:\/\/gemarballoons.com\/es\/","name":"Gemar Balloons","description":"","potentialAction":[{"@type":"SearchAction","target":{"@type":"EntryPoint","urlTemplate":"https:\/\/gemarballoons.com\/es\/?s={search_term_string}"},"query-input":{"@type":"PropertyValueSpecification","valueRequired":true,"valueName":"search_term_string"}}],"inLanguage":"it-IT"}]}},"_links":{"self":[{"href":"https:\/\/gemarballoons.com\/it\/wp-json\/wp\/v2\/pages\/112161","targetHints":{"allow":["GET"]}}],"collection":[{"href":"https:\/\/gemarballoons.com\/it\/wp-json\/wp\/v2\/pages"}],"about":[{"href":"https:\/\/gemarballoons.com\/it\/wp-json\/wp\/v2\/types\/page"}],"author":[{"embeddable":true,"href":"https:\/\/gemarballoons.com\/it\/wp-json\/wp\/v2\/users\/2"}],"replies":[{"embeddable":true,"href":"https:\/\/gemarballoons.com\/it\/wp-json\/wp\/v2\/comments?post=112161"}],"version-history":[{"count":10,"href":"https:\/\/gemarballoons.com\/it\/wp-json\/wp\/v2\/pages\/112161\/revisions"}],"predecessor-version":[{"id":114929,"href":"https:\/\/gemarballoons.com\/it\/wp-json\/wp\/v2\/pages\/112161\/revisions\/114929"}],"wp:attachment":[{"href":"https:\/\/gemarballoons.com\/it\/wp-json\/wp\/v2\/media?parent=112161"}],"curies":[{"name":"wp","href":"https:\/\/api.w.org\/{rel}","templated":true}]}}