{"id":114516,"date":"2025-06-09T13:31:09","date_gmt":"2025-06-09T11:31:09","guid":{"rendered":"https:\/\/gemarballoons.com\/privacy-policy-2\/"},"modified":"2025-06-09T14:35:36","modified_gmt":"2025-06-09T12:35:36","slug":"privacy-policy","status":"publish","type":"page","link":"https:\/\/gemarballoons.com\/it\/privacy-policy\/","title":{"rendered":"Privacy Policy"},"content":{"rendered":"\n<p><\/p>\n\n\n\n<h1 class=\"wp-block-heading\">INFORMATIVA PRIVACY SITO WEB<\/h1>\n\n\n\n<p>Ai sensi e per gli effetti del Regolamento UE 2016\/679 (di seguito \u201c<strong>GDPR<\/strong>\u201d), GEMAR S.r.l. (di seguito la \u201c<strong>Societ\u00e0<\/strong>\u201d), con sede in Casalvieri (FR) &#8211; Via Colle Marracone, in qualit\u00e0 di &#8220;<strong>Titolare<\/strong>&#8221; del trattamento, desidera informarLa che, in attuazione degli obblighi derivanti dalla Normativa Privacy sopra citata, \u00e8 tenuto a fornirLe alcune informazioni riguardanti le modalit\u00e0 e le finalit\u00e0 del trattamento dei dati personali che La riguardano, dei quali il Titolare potr\u00e0 entrare in possesso.<\/p>\n\n\n\n<p>La presente Informativa \u00e8 resa solo per il sito www.gemar.it e non per altri siti web eventualmente consultabili o consultati dall&#8217;utente tramite link presenti sul sito. L\u2019informativa \u00e8 destinata a tutti i soggetti che interagiscono con le pagine web del sito.<\/p>\n\n\n\n<p><strong>Fonte dei dati personali e base giuridica del trattamento<\/strong><\/p>\n\n\n\n<p>I dati personali in possesso della Societ\u00e0 sono raccolti direttamente presso i soggetti interessati che accedono al sito. In ogni caso tutti i dati acquisiti verranno trattati nel rispetto della Normativa Privacy, nonch\u00e9 secondo i canoni di riservatezza, connaturati allo svolgimento dell&#8217;attivit\u00e0, ai quali la Societ\u00e0 si \u00e8 sempre ispirata.<br>La base giuridica del trattamento dei dati personali \u00e8 costituita dal consenso dell\u2019interessato al trattamento dei propri dati per le finalit\u00e0 di seguito riportate.<\/p>\n\n\n\n<p><strong>Finalit\u00e0 dei trattamenti<\/strong><\/p>\n\n\n\n<p>I dati personali dell\u2019utente verranno trattati per le seguenti finalit\u00e0:<\/p>\n\n\n\n<ol class=\"wp-block-list\">\n<li>finalit\u00e0 connesse alla prestazione dei servizi richiesti, tra cui l\u2019acquisto di prodotti online e la gestione dell&#8217;ordine, nonch\u00e9 per l\u2019esecuzione delle attivit\u00e0 contrattuali e precontrattuali;<\/li>\n\n\n\n<li>finalit\u00e0 connesse all\u2019adempimento di specifici obblighi di legge;<\/li>\n\n\n\n<li>invio di newsletter periodiche volte alla promozione di prodotti e servizi da parte della Societ\u00e0;<\/li>\n\n\n\n<li>inviti ad eventi, workshop e Gemar<sup>\u00ae<\/sup> days, organizzati dalla Societ\u00e0, tramite l\u2019invio di lettere, newsletter, materiale pubblicitario, sistemi automatizzati di comunicazione, nonch\u00e9 pubblicit\u00e0 sui canali social aziendali;<\/li>\n<\/ol>\n\n\n\n<p>Il conferimento da parte dell\u2019interessato dei dati necessari al perseguimento delle finalit\u00e0 di cui ai punti a) e b) che precedono, pur non essendo obbligatorio, \u00e8 essenziale e indispensabile, per la gestione, totale o parziale, dei rapporti con la clientela nonch\u00e9 per l\u2019adempimento degli obblighi di legge; pertanto, un eventuale rifiuto a fornire tali dati determinerebbe di fatto l\u2019impossibilit\u00e0, per la Societ\u00e0, di dare esecuzione alle predette attivit\u00e0.<\/p>\n\n\n\n<p>Il conferimento dei dati per le finalit\u00e0 di cui ai punti c) e d) che precedono, \u00e8 facoltativo e necessita del Suo preventivo consenso, tuttavia un eventuale rifiuto di tale conferimento impedirebbe alla Societ\u00e0 il perseguimento delle finalit\u00e0 indicate, mentre non si avrebbe nessuna conseguenza rispetto ai rapporti pre-contrattuali e contrattuali.<\/p>\n\n\n\n<p>Qualora la Societ\u00e0 intenda utilizzare i dati personali raccolti per qualsiasi altro scopo incompatibile con le finalit\u00e0 per le quali sono stati originariamente raccolti o autorizzati, la Societ\u00e0 La informer\u00e0 preventivamente, e potr\u00e0 altres\u00ec negare o revocare il proprio consenso.<\/p>\n\n\n\n<p><strong>Modalit\u00e0 di trattamento dei dati<\/strong><\/p>\n\n\n\n<p>In relazione alle sopra indicate finalit\u00e0, il trattamento dei dati personali avviene mediante strumenti manuali, informatici e telematici atti a memorizzare, gestire e trasmettere i dati medesimi, unicamente al fine di perseguire le finalit\u00e0 per le quali gli stessi sono stati raccolti e, comunque, in modo tale da garantirne la sicurezza e la riservatezza. Nello svolgimento delle attivit\u00e0 di trattamento, la Societ\u00e0 si impegna a:<\/p>\n\n\n\n<ol class=\"wp-block-list\">\n<li>assicurare l\u2019esattezza e l\u2019aggiornamento dei dati trattati, e recepire prontamente eventuali rettifiche e\/o integrazioni richieste dal soggetto interessato;<\/li>\n\n\n\n<li>notificare al soggetto interessato, nei tempi e nelle casistiche previste dalla normativa cogente, eventuali violazioni dei dati personali;<\/li>\n\n\n\n<li>garantire la conformit\u00e0 delle operazioni di trattamento alle applicabili disposizioni di legge.<\/li>\n<\/ol>\n\n\n\n<p>La Societ\u00e0, inoltre, tratta i dati personali acquisiti nel completo rispetto del principio di correttezza, liceit\u00e0 e trasparenza. In ottemperanza alla Normativa Privacy, la Societ\u00e0 configura ovvero, in ogni caso, si impegna a configurare i sistemi informativi e i programmi informatici riducendo al minimo l\u2019utilizzazione dei dati personali, in modo da escluderne il trattamento qualora le finalit\u00e0 perseguite possano essere realizzate mediante, rispettivamente, dati anonimi od opportune modalit\u00e0 che permettano di identificare l\u2019interessato solo in caso di necessit\u00e0.<\/p>\n\n\n\n<p><strong>Categorie di soggetti ai quali i dati possono essere comunicati<\/strong><\/p>\n\n\n\n<p>Per il perseguimento delle finalit\u00e0 di cui sopra, la Societ\u00e0 pu\u00f2 necessitare di comunicare i Suoi dati personali ai soggetti di seguito elencati:<\/p>\n\n\n\n<ul class=\"wp-block-list\">\n<li>soggetti che svolgono attivit\u00e0 di distribuzione per la Societ\u00e0, nonch\u00e9 soggetti partner della Societ\u00e0 stessa;<\/li>\n\n\n\n<li>societ\u00e0 che forniscono servizi di consulenza in materia di Marketing.<\/li>\n<\/ul>\n\n\n\n<p>I soggetti appartenenti alle categorie suddette potranno essere nominati Responsabile del trattamento dei dati oppure potranno operare in totale autonomia come distinti Titolari del trattamento.<br>Ulteriori informazioni in merito ai terzi appartenenti alle categorie sopra indicate, nonch\u00e9 alla comunicazione dei dati agli stessi sopraindicati e alle modalit\u00e0 di ottenimento di copie dei dati dagli stessi sono disponibili su richiesta.<br>I Suoi dati personali potranno, altres\u00ec, essere messi a disposizione dell\u2019Autorit\u00e0 Giudiziaria e\/o delle Forze di Polizia, dietro loro specifica richiesta, ai fini dell\u2019individuazione degli autori di eventuali fatti illeciti commessi a danno della Societ\u00e0.<br>All\u2019interno della nostra Societ\u00e0 possono venire a conoscenza dei Suoi dati personali soltanto i dipendenti e i collaboratori, anche esterni, incaricati del loro trattamento.<\/p>\n\n\n\n<p><strong>Politica in materia di conservazione dei dati personali<\/strong><\/p>\n\n\n\n<p>La Societ\u00e0 conserva nei propri sistemi i dati personali acquisiti in una forma che consenta l\u2019identificazione degli interessati per un arco di tempo non superiore al conseguimento delle finalit\u00e0 per le quali sono trattati ovvero per ottemperare a specifici obblighi normativi o contrattuali e, comunque, si precisa che i dati personali degli utenti che si sono registrati al sito saranno conservati per tutta la durata del rapporto contrattuale, nonch\u00e9 per i successivi 2 anni dall\u2019ultima attivit\u00e0 svolta dell\u2019utente sul sito stesso.<\/p>\n\n\n\n<p><strong>Diritti dell&#8217;interessato<\/strong><\/p>\n\n\n\n<p>La informiamo che, ai sensi della Normativa Privacy e, in particolare, degli artt. 15-22 del GDPR, l\u2019interessato potr\u00e0 esercitare specifici diritti rivolgendosi al Titolare, tra cui:<\/p>\n\n\n\n<ol class=\"wp-block-list\">\n<li>Diritto di accesso: diritto di ottenere dal Titolare la conferma che sia o meno in corso un trattamento di dati personali e in tal caso, di ottenere l\u2019accesso ai dati personali e ad ulteriori informazioni su origine, finalit\u00e0, categoria di dati trattati, destinatari di comunicazione e\/o trasferimento dei dati, etc.<\/li>\n\n\n\n<li>Diritto di rettifica: diritto di ottenere dal Titolare la rettifica dei dati personali inesatti senza ingiustificato ritardo, nonch\u00e9 l\u2019integrazione dei dati personali incompleti, anche fornendo una dichiarazione integrativa.<\/li>\n\n\n\n<li>Diritto alla cancellazione: diritto di ottenere dal Titolare la cancellazione dei dati personali senza ingiustificato ritardo nel caso in cui:\n<ul class=\"wp-block-list\">\n<li>i dati personali non sono pi\u00f9 necessari rispetto alle finalit\u00e0 del trattamento;<\/li>\n\n\n\n<li>il consenso su cui si basa il trattamento \u00e8 revocato e non sussiste altro fondamento giuridico per il trattamento;<\/li>\n\n\n\n<li>i dati personali sono stati trattati illecitamente;<\/li>\n\n\n\n<li>i dati personali devono essere cancellati per adempiere un obbligo legale.<\/li>\n<\/ul>\n<\/li>\n\n\n\n<li>Diritto di opposizione al trattamento: diritto di opporsi in qualsiasi momento al trattamento dei dati personali che hanno come base giuridica un interesse legittimo del Titolare.<\/li>\n\n\n\n<li>Diritto di limitazione di trattamento: diritto di ottenere dal Titolare la limitazione del trattamento, nei casi in cui sia contestata l\u2019esattezza dei dati personali (per il periodo necessario al titolare del trattamento per verificare l\u2019esattezza di tali dati personali), se il trattamento \u00e8 illecito e\/o l\u2019interessato si \u00e8 opposto al trattamento.<\/li>\n\n\n\n<li>Diritto alla portabilit\u00e0 dei dati: diritto di ricevere in un formato strutturato, di uso comune e leggibile da dispositivo automatico i dati personali e di trasmettere tali dati ad altro titolare del trattamento, solo per i casi in cui il trattamento sia basato sul consenso e per i soli dati trattati tramite strumenti elettronici.<\/li>\n\n\n\n<li>Diritto di proporre reclamo a un\u2019autorit\u00e0 di controllo: fatto salvo ogni altro ricorso amministrativo o giurisdizionale, l&#8217;interessato che ritenga che il trattamento che lo riguarda violi la Normativa Privacy ha il diritto di proporre reclamo all&#8217;autorit\u00e0 di controllo dello Stato membro in cui risiede o lavora abitualmente, ovvero dello Stato in cui si \u00e8 verificata la presunta violazione.<\/li>\n<\/ol>\n\n\n\n<p>Nel caso in cui il trattamento sia basato sul consenso, l\u2019interessato pu\u00f2 revocare in qualsiasi momento il consenso eventualmente prestato, ferma restando la liceit\u00e0 del trattamento eseguito prima della revoca.<br>Se l\u2019interessato desidera avere maggiori informazioni sul trattamento dei Suoi dati personali, ovvero esercitare i diritti precedentemente indicati, pu\u00f2 inviare una raccomandata A\/R a GEMAR SRL, domiciliato per le funzioni presso la Sede legale di Casalvieri (FR)- Via Colle Marracone. Ulteriori informazioni potranno essere richieste inviando un\u2019email a <a href=\"mailto:privacy@gemar.it\">privacy@gemar.it<\/a>.<\/p>\n","protected":false},"excerpt":{"rendered":"<p>INFORMATIVA PRIVACY SITO WEB Ai sensi e per gli effetti del Regolamento UE 2016\/679 (di seguito \u201cGDPR\u201d), GEMAR S.r.l. (di seguito la \u201cSociet\u00e0\u201d), con sede in Casalvieri (FR) &#8211; Via Colle Marracone, in qualit\u00e0 di &#8220;Titolare&#8221; del trattamento, desidera informarLa che, in attuazione degli obblighi derivanti dalla Normativa Privacy sopra citata, \u00e8 tenuto a fornirLe<\/p>\n","protected":false},"author":1,"featured_media":0,"parent":0,"menu_order":0,"comment_status":"closed","ping_status":"closed","template":"","meta":{"_acf_changed":false,"inline_featured_image":false,"footnotes":""},"class_list":["post-114516","page","type-page","status-publish","hentry"],"acf":{"seo_text":""},"yoast_head":"<!-- This site is optimized with the Yoast SEO plugin v27.5 - https:\/\/yoast.com\/product\/yoast-seo-wordpress\/ -->\n<title>Privacy Policy - Gemar Balloons<\/title>\n<meta name=\"robots\" content=\"index, follow, max-snippet:-1, max-image-preview:large, max-video-preview:-1\" \/>\n<link rel=\"canonical\" href=\"https:\/\/gemarballoons.com\/it\/privacy-policy\/\" \/>\n<meta property=\"og:locale\" content=\"it_IT\" \/>\n<meta property=\"og:type\" content=\"article\" \/>\n<meta property=\"og:title\" content=\"Privacy Policy - Gemar Balloons\" \/>\n<meta property=\"og:description\" content=\"INFORMATIVA PRIVACY SITO WEB Ai sensi e per gli effetti del Regolamento UE 2016\/679 (di seguito \u201cGDPR\u201d), GEMAR S.r.l. (di seguito la \u201cSociet\u00e0\u201d), con sede in Casalvieri (FR) &#8211; Via Colle Marracone, in qualit\u00e0 di &#8220;Titolare&#8221; del trattamento, desidera informarLa che, in attuazione degli obblighi derivanti dalla Normativa Privacy sopra citata, \u00e8 tenuto a fornirLe\" \/>\n<meta property=\"og:url\" content=\"https:\/\/gemarballoons.com\/it\/privacy-policy\/\" \/>\n<meta property=\"og:site_name\" content=\"Gemar Balloons\" \/>\n<meta property=\"article:modified_time\" content=\"2025-06-09T12:35:36+00:00\" \/>\n<meta name=\"twitter:card\" content=\"summary_large_image\" \/>\n<meta name=\"twitter:label1\" content=\"Tempo di lettura stimato\" \/>\n\t<meta name=\"twitter:data1\" content=\"7 minuti\" \/>\n<script type=\"application\/ld+json\" class=\"yoast-schema-graph\">{\"@context\":\"https:\\\/\\\/schema.org\",\"@graph\":[{\"@type\":\"WebPage\",\"@id\":\"https:\\\/\\\/gemarballoons.com\\\/it\\\/privacy-policy\\\/\",\"url\":\"https:\\\/\\\/gemarballoons.com\\\/it\\\/privacy-policy\\\/\",\"name\":\"Privacy Policy - Gemar Balloons\",\"isPartOf\":{\"@id\":\"https:\\\/\\\/gemarballoons.com\\\/es\\\/#website\"},\"datePublished\":\"2025-06-09T11:31:09+00:00\",\"dateModified\":\"2025-06-09T12:35:36+00:00\",\"breadcrumb\":{\"@id\":\"https:\\\/\\\/gemarballoons.com\\\/it\\\/privacy-policy\\\/#breadcrumb\"},\"inLanguage\":\"it-IT\",\"potentialAction\":[{\"@type\":\"ReadAction\",\"target\":[\"https:\\\/\\\/gemarballoons.com\\\/it\\\/privacy-policy\\\/\"]}]},{\"@type\":\"BreadcrumbList\",\"@id\":\"https:\\\/\\\/gemarballoons.com\\\/it\\\/privacy-policy\\\/#breadcrumb\",\"itemListElement\":[{\"@type\":\"ListItem\",\"position\":1,\"name\":\"Home\",\"item\":\"https:\\\/\\\/gemarballoons.com\\\/it\\\/\"},{\"@type\":\"ListItem\",\"position\":2,\"name\":\"Privacy Policy\"}]},{\"@type\":\"WebSite\",\"@id\":\"https:\\\/\\\/gemarballoons.com\\\/es\\\/#website\",\"url\":\"https:\\\/\\\/gemarballoons.com\\\/es\\\/\",\"name\":\"Gemar Balloons\",\"description\":\"\",\"potentialAction\":[{\"@type\":\"SearchAction\",\"target\":{\"@type\":\"EntryPoint\",\"urlTemplate\":\"https:\\\/\\\/gemarballoons.com\\\/es\\\/?s={search_term_string}\"},\"query-input\":{\"@type\":\"PropertyValueSpecification\",\"valueRequired\":true,\"valueName\":\"search_term_string\"}}],\"inLanguage\":\"it-IT\"}]}<\/script>\n<!-- \/ Yoast SEO plugin. -->","yoast_head_json":{"title":"Privacy Policy - Gemar Balloons","robots":{"index":"index","follow":"follow","max-snippet":"max-snippet:-1","max-image-preview":"max-image-preview:large","max-video-preview":"max-video-preview:-1"},"canonical":"https:\/\/gemarballoons.com\/it\/privacy-policy\/","og_locale":"it_IT","og_type":"article","og_title":"Privacy Policy - Gemar Balloons","og_description":"INFORMATIVA PRIVACY SITO WEB Ai sensi e per gli effetti del Regolamento UE 2016\/679 (di seguito \u201cGDPR\u201d), GEMAR S.r.l. (di seguito la \u201cSociet\u00e0\u201d), con sede in Casalvieri (FR) &#8211; Via Colle Marracone, in qualit\u00e0 di &#8220;Titolare&#8221; del trattamento, desidera informarLa che, in attuazione degli obblighi derivanti dalla Normativa Privacy sopra citata, \u00e8 tenuto a fornirLe","og_url":"https:\/\/gemarballoons.com\/it\/privacy-policy\/","og_site_name":"Gemar Balloons","article_modified_time":"2025-06-09T12:35:36+00:00","twitter_card":"summary_large_image","twitter_misc":{"Tempo di lettura stimato":"7 minuti"},"schema":{"@context":"https:\/\/schema.org","@graph":[{"@type":"WebPage","@id":"https:\/\/gemarballoons.com\/it\/privacy-policy\/","url":"https:\/\/gemarballoons.com\/it\/privacy-policy\/","name":"Privacy Policy - Gemar Balloons","isPartOf":{"@id":"https:\/\/gemarballoons.com\/es\/#website"},"datePublished":"2025-06-09T11:31:09+00:00","dateModified":"2025-06-09T12:35:36+00:00","breadcrumb":{"@id":"https:\/\/gemarballoons.com\/it\/privacy-policy\/#breadcrumb"},"inLanguage":"it-IT","potentialAction":[{"@type":"ReadAction","target":["https:\/\/gemarballoons.com\/it\/privacy-policy\/"]}]},{"@type":"BreadcrumbList","@id":"https:\/\/gemarballoons.com\/it\/privacy-policy\/#breadcrumb","itemListElement":[{"@type":"ListItem","position":1,"name":"Home","item":"https:\/\/gemarballoons.com\/it\/"},{"@type":"ListItem","position":2,"name":"Privacy Policy"}]},{"@type":"WebSite","@id":"https:\/\/gemarballoons.com\/es\/#website","url":"https:\/\/gemarballoons.com\/es\/","name":"Gemar Balloons","description":"","potentialAction":[{"@type":"SearchAction","target":{"@type":"EntryPoint","urlTemplate":"https:\/\/gemarballoons.com\/es\/?s={search_term_string}"},"query-input":{"@type":"PropertyValueSpecification","valueRequired":true,"valueName":"search_term_string"}}],"inLanguage":"it-IT"}]}},"_links":{"self":[{"href":"https:\/\/gemarballoons.com\/it\/wp-json\/wp\/v2\/pages\/114516","targetHints":{"allow":["GET"]}}],"collection":[{"href":"https:\/\/gemarballoons.com\/it\/wp-json\/wp\/v2\/pages"}],"about":[{"href":"https:\/\/gemarballoons.com\/it\/wp-json\/wp\/v2\/types\/page"}],"author":[{"embeddable":true,"href":"https:\/\/gemarballoons.com\/it\/wp-json\/wp\/v2\/users\/1"}],"replies":[{"embeddable":true,"href":"https:\/\/gemarballoons.com\/it\/wp-json\/wp\/v2\/comments?post=114516"}],"version-history":[{"count":1,"href":"https:\/\/gemarballoons.com\/it\/wp-json\/wp\/v2\/pages\/114516\/revisions"}],"predecessor-version":[{"id":114518,"href":"https:\/\/gemarballoons.com\/it\/wp-json\/wp\/v2\/pages\/114516\/revisions\/114518"}],"wp:attachment":[{"href":"https:\/\/gemarballoons.com\/it\/wp-json\/wp\/v2\/media?parent=114516"}],"curies":[{"name":"wp","href":"https:\/\/api.w.org\/{rel}","templated":true}]}}