{"id":114521,"date":"2025-06-09T13:34:13","date_gmt":"2025-06-09T11:34:13","guid":{"rendered":"https:\/\/gemarballoons.com\/?page_id=114521"},"modified":"2025-06-09T13:34:47","modified_gmt":"2025-06-09T11:34:47","slug":"suppliers-privacy-policy","status":"publish","type":"page","link":"https:\/\/gemarballoons.com\/it\/suppliers-privacy-policy\/","title":{"rendered":"Suppliers Privacy Policy"},"content":{"rendered":"\n<h1 class=\"wp-block-heading\">INFORMATIVA PRIVACY FORNITORI<\/h1>\n\n\n\n<p>Ai sensi e per gli effetti del Regolamento UE 2016\/679 del 27 aprile 2016 (di seguito \u201c<strong>GDPR<\/strong>\u201d), GEMAR S.r.l. (di seguito \u201c<strong>Societ\u00e0<\/strong>\u201d), con sede in Casalvieri (FR) &#8211; Via Colle Marracone, in qualit\u00e0 di &#8220;<strong>Titolare<\/strong>&#8221; del trattamento, desidera informarLa che, in attuazione degli obblighi derivanti dalla Normativa Privacy, \u00e8 tenuto a fornirLe alcune informazioni riguardanti le modalit\u00e0 e le finalit\u00e0 del trattamento dei dati personali, anche sensibili, che La riguardano, dei quali il Titolare potr\u00e0 entrare in possesso.<\/p>\n\n\n\n<h2 class=\"wp-block-heading\" id=\"sourceofpersonaldataandlegalbasisofprocessing\">Fonte dei dati personali e base giuridica del trattamento<\/h2>\n\n\n\n<p>I dati personali in possesso della Societ\u00e0 sono raccolti direttamente in occasione dell&#8217;instaurazione di rapporti contrattuali; ovvero presso terzi, come pu\u00f2 avvenire, ad esempio, nell&#8217;ipotesi in cui la Societ\u00e0 acquisisca i Suoi dati da fornitori, distributori e\/o partner con cui Lei \u00e8 gi\u00e0 entrato in contatto. In ogni caso tutti i dati acquisiti verranno trattati nel rispetto del GDPR, nonch\u00e9 secondo i canoni di riservatezza, connaturati allo svolgimento dell&#8217;attivit\u00e0, ai quali la Societ\u00e0 si \u00e8 sempre ispirata.<br>Il trattamento dei dati personali si basa sul rapporto precontrattuale ovvero contrattuale in essere tra le Parti.<\/p>\n\n\n\n<h2 class=\"wp-block-heading\" id=\"purposesofprocessingofthedata\">Finalit\u00e0 dei trattamenti cui sono destinati i dati<\/h2>\n\n\n\n<p>I dati personali sono trattati nell&#8217;ambito della normale attivit\u00e0 della Societ\u00e0 secondo le seguenti finalit\u00e0:<\/p>\n\n\n\n<ol class=\"wp-block-list\">\n<li>finalit\u00e0 strettamente connesse e strumentali alla gestione dei rapporti con i fornitori;<\/li>\n\n\n\n<li>finalit\u00e0 derivanti da obblighi di legge, da regolamenti, dalla normativa comunitaria, da disposizioni impartite da autorit\u00e0 a ci\u00f2 legittimate dalla legge o da organi di vigilanza e controllo;<\/li>\n<\/ol>\n\n\n\n<p>Il conferimento da parte dell\u2019interessato dei dati necessari al perseguimento delle finalit\u00e0 di cui ai punti a) e b) che precedono, pur non essendo obbligatorio, \u00e8 essenziale e indispensabile, per la gestione, totale o parziale, dei rapporti con i fornitori nonch\u00e9 per l\u2019adempimento degli obblighi di legge; pertanto, un eventuale rifiuto a fornire tali dati determinerebbe di fatto l\u2019impossibilit\u00e0, per la Societ\u00e0, di dare esecuzione alle predette attivit\u00e0.<br>Qualora la Societ\u00e0 intenda utilizzare i dati personali raccolti per qualsiasi altro scopo incompatibile con le finalit\u00e0 per le quali i dati personali sono stati originariamente raccolti o autorizzati, la Societ\u00e0 La informer\u00e0 preventivamente, e potr\u00e0 altres\u00ec negare o revocare il proprio consenso.<\/p>\n\n\n\n<h2 class=\"wp-block-heading\" id=\"dataprocessingmethods\">Modalit\u00e0 di trattamento dei dati<\/h2>\n\n\n\n<p>In relazione alle sopra indicate finalit\u00e0, il trattamento dei dati personali avviene mediante strumenti manuali, informatici e telematici atti a memorizzare, gestire e trasmettere i dati medesimi, unicamente al fine di perseguire le finalit\u00e0 per le quali gli stessi sono stati raccolti e, comunque, in modo tale da garantirne la sicurezza e la riservatezza.<br>Nello svolgimento delle attivit\u00e0 di trattamento, la Societ\u00e0 si impegna a:<\/p>\n\n\n\n<ol class=\"wp-block-list\">\n<li>assicurare l\u2019esattezza e l\u2019aggiornamento dei dati trattati, e recepire prontamente eventuali rettifiche e\/o integrazioni richieste dal soggetto interessato;<\/li>\n\n\n\n<li>notificare al soggetto interessato, nei tempi e nelle casistiche previste dalla normativa cogente, eventuali violazioni dei dati personali;<\/li>\n\n\n\n<li>garantire la conformit\u00e0 delle operazioni di trattamento alle applicabili disposizioni di legge.<\/li>\n<\/ol>\n\n\n\n<p>La Societ\u00e0, inoltre, tratta i dati personali acquisiti nel completo rispetto del principio di correttezza, liceit\u00e0 e trasparenza. In ottemperanza al GDPR, la Societ\u00e0 configura ovvero, in ogni caso, si impegna a configurare i sistemi informativi e i programmi informatici riducendo al minimo l\u2019utilizzazione dei dati personali, in modo da escluderne il trattamento qualora le finalit\u00e0 perseguite possano essere realizzate mediante, rispettivamente, dati anonimi od opportune modalit\u00e0 che permettano di identificare l\u2019interessato solo in caso di necessit\u00e0.<\/p>\n\n\n\n<h2 class=\"wp-block-heading\" id=\"dataprocessingmethods\">Categorie di soggetti ai quali i dati possono essere comunicati<\/h2>\n\n\n\n<p>Per il perseguimento delle finalit\u00e0 di cui sopra, la Societ\u00e0, previa Sua manifestazione del consenso, nonch\u00e9 previa adozione di adeguate garanzie, pu\u00f2 eventualmente comunicare i Suoi dati personali ai soggetti terzi, situati anche al di fuori del territorio dello Stato, tra i quali devono intendersi inclusi i Paesi Terzi non appartenenti all\u2019Unione Europea.<\/p>\n\n\n\n<p>In particolare, tali soggetti appartengono alle seguenti categorie:<\/p>\n\n\n\n<ul class=\"wp-block-list\">\n<li>soggetti che svolgono attivit\u00e0 di distribuzione per la Societ\u00e0, nonch\u00e9 soggetti partner della Societ\u00e0 stessa;<\/li>\n<\/ul>\n\n\n\n<p>I Suoi dati personali potranno, altres\u00ec, essere messi a disposizione dell\u2019Autorit\u00e0 Giudiziaria e\/o delle Forze di Polizia, dietro loro specifica richiesta, ai fini dell\u2019individuazione degli autori di eventuali illeciti commessi a danno della Societ\u00e0.<br>I soggetti appartenenti alle categorie suddette svolgono la funzione di Responsabile del trattamento dei dati oppure operano in totale autonomia come distinti Titolari del trattamento. Ulteriori informazioni in merito alla comunicazione dei dati ai soggetti sopraindicati, nonch\u00e9 alle modalit\u00e0 di ottenimento di copie dei dati medesimi potranno essere richieste all\u2019indirizzo: privacy@gemar.it<\/p>\n\n\n\n<p>All\u2019interno della Societ\u00e0 possono venire a conoscenza dei Suoi dati personali soltanto i dipendenti e i collaboratori anche esterni incaricati del loro trattamento.<\/p>\n\n\n\n<h2 class=\"wp-block-heading\" id=\"personaldatastoragepolicy\">Politica in materia di conservazione dei dati personali<\/h2>\n\n\n\n<p>La Societ\u00e0 conserva nei propri sistemi i dati personali acquisiti in una forma che consenta l\u2019identificazione degli interessati per un arco di tempo non superiore al conseguimento delle finalit\u00e0 per le quali sono trattati ovvero per ottemperare a specifici obblighi normativi o contrattuali e, comunque, si precisa che i Suoi dati personali saranno conservati per tutta la durata del rapporto contrattuale e per ulteriori 10 anni dalla cessazione del rapporto stesso.<\/p>\n\n\n\n<h2 class=\"wp-block-heading\" id=\"rightsofthedatasubject\">Diritti dell&#8217;interessato<\/h2>\n\n\n\n<p>La informiamo che, ai sensi del GDPR e, in particolare, degli artt. 15-22 del Regolamento UE 2016\/679, l\u2019interessato potr\u00e0 esercitare specifici diritti rivolgendosi al Titolare, tra cui:<\/p>\n\n\n\n<ol class=\"wp-block-list\">\n<li>Diritto di accesso: diritto di ottenere dal Titolare la conferma che sia o meno in corso un trattamento di dati personali e in tal caso, di ottenere l\u2019accesso ai dati personali e ad ulteriori informazioni su origine, finalit\u00e0, categoria di dati trattati, destinatari di comunicazione e\/o trasferimento dei dati, etc.<\/li>\n\n\n\n<li>Diritto di rettifica: diritto di ottenere dal Titolare la rettifica dei dati personali inesatti senza ingiustificato ritardo, nonch\u00e9 l\u2019integrazione dei dati personali incompleti, anche fornendo una dichiarazione integrativa.<\/li>\n\n\n\n<li>a) Diritto alla cancellazione: diritto di ottenere dal Titolare la cancellazione dei dati personali senza ingiustificato ritardo nel caso in cui:<br>a. i dati personali non sono pi\u00f9 necessari rispetto alle finalit\u00e0 del trattamento;<br>b. il consenso su cui si basa il trattamento \u00e8 revocato e non sussiste altro fondamento giuridico per il trattamento;<br>c. i dati personali sono stati trattati illecitamente;<br>d. i dati personali devono essere cancellati per adempiere un obbligo legale.<\/li>\n\n\n\n<li>Diritto di opposizione al trattamento: diritto di opporsi in qualsiasi momento al trattamento dei dati personali che hanno come base giuridica un interesse legittimo del Titolare.<\/li>\n\n\n\n<li>Diritto di limitazione di trattamento: diritto di ottenere dal Titolare la limitazione del trattamento, nei casi in cui sia contestata l\u2019esattezza dei dati personali (per il periodo necessario al titolare del trattamento per verificare l\u2019esattezza di tali dati personali), se il trattamento \u00e8 illecito e\/o l\u2019interessato si \u00e8 opposto al trattamento.<\/li>\n\n\n\n<li>Diritto alla portabilit\u00e0 dei dati: diritto di ricevere in un formato strutturato, di uso comune e leggibile da dispositivo automatico i dati personali e di trasmettere tali dati ad altro titolare del trattamento, solo per i casi in cui il trattamento sia basato sul consenso e per i soli dati trattati tramite strumenti elettronici.<\/li>\n\n\n\n<li>Diritto di proporre reclamo a un\u2019autorit\u00e0 di controllo: fatto salvo ogni altro ricorso amministrativo o giurisdizionale, l&#8217;interessato che ritenga che il trattamento che lo riguarda violi la Normativa Privacy ha il diritto di proporre reclamo all&#8217;autorit\u00e0 di controllo dello Stato membro in cui risiede o lavora abitualmente, ovvero dello Stato in cui si \u00e8 verificata la presunta violazione.<\/li>\n<\/ol>\n\n\n\n<p>Nel caso in cui il trattamento sia basato sul consenso, l\u2019interessato pu\u00f2 revocare in qualsiasi momento il consenso eventualmente prestato, ferma restando la liceit\u00e0 del trattamento eseguito prima della revoca.<br>Se l\u2019interessato desidera avere maggiori informazioni sul trattamento dei Suoi dati personali, ovvero esercitare i diritti precedentemente indicati, pu\u00f2 inviare una raccomandata A\/R a: GEMAR SRL, domiciliato per le funzioni presso la Sede legale di Casalvieri (FR)- Via Colle Marracone . Ulteriori informazioni potranno essere richieste inviando un\u2019email a <a href=\"mailto:privacy@gemar.it\">privacy@gemar.it<\/a> .<\/p>\n","protected":false},"excerpt":{"rendered":"<p>INFORMATIVA PRIVACY FORNITORI Ai sensi e per gli effetti del Regolamento UE 2016\/679 del 27 aprile 2016 (di seguito \u201cGDPR\u201d), GEMAR S.r.l. (di seguito \u201cSociet\u00e0\u201d), con sede in Casalvieri (FR) &#8211; Via Colle Marracone, in qualit\u00e0 di &#8220;Titolare&#8221; del trattamento, desidera informarLa che, in attuazione degli obblighi derivanti dalla Normativa Privacy, \u00e8 tenuto a fornirLe<\/p>\n","protected":false},"author":1,"featured_media":0,"parent":0,"menu_order":0,"comment_status":"closed","ping_status":"closed","template":"","meta":{"_acf_changed":false,"inline_featured_image":false,"footnotes":""},"class_list":["post-114521","page","type-page","status-publish","hentry"],"acf":{"seo_text":""},"yoast_head":"<!-- This site is optimized with the Yoast SEO plugin v27.5 - https:\/\/yoast.com\/product\/yoast-seo-wordpress\/ -->\n<title>Suppliers Privacy Policy - Gemar Balloons<\/title>\n<meta name=\"robots\" content=\"index, follow, max-snippet:-1, max-image-preview:large, max-video-preview:-1\" \/>\n<link rel=\"canonical\" href=\"https:\/\/gemarballoons.com\/it\/suppliers-privacy-policy\/\" \/>\n<meta property=\"og:locale\" content=\"it_IT\" \/>\n<meta property=\"og:type\" content=\"article\" \/>\n<meta property=\"og:title\" content=\"Suppliers Privacy Policy - Gemar Balloons\" \/>\n<meta property=\"og:description\" content=\"INFORMATIVA PRIVACY FORNITORI Ai sensi e per gli effetti del Regolamento UE 2016\/679 del 27 aprile 2016 (di seguito \u201cGDPR\u201d), GEMAR S.r.l. (di seguito \u201cSociet\u00e0\u201d), con sede in Casalvieri (FR) &#8211; Via Colle Marracone, in qualit\u00e0 di &#8220;Titolare&#8221; del trattamento, desidera informarLa che, in attuazione degli obblighi derivanti dalla Normativa Privacy, \u00e8 tenuto a fornirLe\" \/>\n<meta property=\"og:url\" content=\"https:\/\/gemarballoons.com\/it\/suppliers-privacy-policy\/\" \/>\n<meta property=\"og:site_name\" content=\"Gemar Balloons\" \/>\n<meta property=\"article:modified_time\" content=\"2025-06-09T11:34:47+00:00\" \/>\n<meta name=\"twitter:card\" content=\"summary_large_image\" \/>\n<meta name=\"twitter:label1\" content=\"Tempo di lettura stimato\" \/>\n\t<meta name=\"twitter:data1\" content=\"6 minuti\" \/>\n<script type=\"application\/ld+json\" class=\"yoast-schema-graph\">{\"@context\":\"https:\\\/\\\/schema.org\",\"@graph\":[{\"@type\":\"WebPage\",\"@id\":\"https:\\\/\\\/gemarballoons.com\\\/it\\\/suppliers-privacy-policy\\\/\",\"url\":\"https:\\\/\\\/gemarballoons.com\\\/it\\\/suppliers-privacy-policy\\\/\",\"name\":\"Suppliers Privacy Policy - Gemar Balloons\",\"isPartOf\":{\"@id\":\"https:\\\/\\\/gemarballoons.com\\\/es\\\/#website\"},\"datePublished\":\"2025-06-09T11:34:13+00:00\",\"dateModified\":\"2025-06-09T11:34:47+00:00\",\"breadcrumb\":{\"@id\":\"https:\\\/\\\/gemarballoons.com\\\/it\\\/suppliers-privacy-policy\\\/#breadcrumb\"},\"inLanguage\":\"it-IT\",\"potentialAction\":[{\"@type\":\"ReadAction\",\"target\":[\"https:\\\/\\\/gemarballoons.com\\\/it\\\/suppliers-privacy-policy\\\/\"]}]},{\"@type\":\"BreadcrumbList\",\"@id\":\"https:\\\/\\\/gemarballoons.com\\\/it\\\/suppliers-privacy-policy\\\/#breadcrumb\",\"itemListElement\":[{\"@type\":\"ListItem\",\"position\":1,\"name\":\"Home\",\"item\":\"https:\\\/\\\/gemarballoons.com\\\/it\\\/\"},{\"@type\":\"ListItem\",\"position\":2,\"name\":\"Suppliers Privacy Policy\"}]},{\"@type\":\"WebSite\",\"@id\":\"https:\\\/\\\/gemarballoons.com\\\/es\\\/#website\",\"url\":\"https:\\\/\\\/gemarballoons.com\\\/es\\\/\",\"name\":\"Gemar Balloons\",\"description\":\"\",\"potentialAction\":[{\"@type\":\"SearchAction\",\"target\":{\"@type\":\"EntryPoint\",\"urlTemplate\":\"https:\\\/\\\/gemarballoons.com\\\/es\\\/?s={search_term_string}\"},\"query-input\":{\"@type\":\"PropertyValueSpecification\",\"valueRequired\":true,\"valueName\":\"search_term_string\"}}],\"inLanguage\":\"it-IT\"}]}<\/script>\n<!-- \/ Yoast SEO plugin. -->","yoast_head_json":{"title":"Suppliers Privacy Policy - Gemar Balloons","robots":{"index":"index","follow":"follow","max-snippet":"max-snippet:-1","max-image-preview":"max-image-preview:large","max-video-preview":"max-video-preview:-1"},"canonical":"https:\/\/gemarballoons.com\/it\/suppliers-privacy-policy\/","og_locale":"it_IT","og_type":"article","og_title":"Suppliers Privacy Policy - Gemar Balloons","og_description":"INFORMATIVA PRIVACY FORNITORI Ai sensi e per gli effetti del Regolamento UE 2016\/679 del 27 aprile 2016 (di seguito \u201cGDPR\u201d), GEMAR S.r.l. (di seguito \u201cSociet\u00e0\u201d), con sede in Casalvieri (FR) &#8211; Via Colle Marracone, in qualit\u00e0 di &#8220;Titolare&#8221; del trattamento, desidera informarLa che, in attuazione degli obblighi derivanti dalla Normativa Privacy, \u00e8 tenuto a fornirLe","og_url":"https:\/\/gemarballoons.com\/it\/suppliers-privacy-policy\/","og_site_name":"Gemar Balloons","article_modified_time":"2025-06-09T11:34:47+00:00","twitter_card":"summary_large_image","twitter_misc":{"Tempo di lettura stimato":"6 minuti"},"schema":{"@context":"https:\/\/schema.org","@graph":[{"@type":"WebPage","@id":"https:\/\/gemarballoons.com\/it\/suppliers-privacy-policy\/","url":"https:\/\/gemarballoons.com\/it\/suppliers-privacy-policy\/","name":"Suppliers Privacy Policy - Gemar Balloons","isPartOf":{"@id":"https:\/\/gemarballoons.com\/es\/#website"},"datePublished":"2025-06-09T11:34:13+00:00","dateModified":"2025-06-09T11:34:47+00:00","breadcrumb":{"@id":"https:\/\/gemarballoons.com\/it\/suppliers-privacy-policy\/#breadcrumb"},"inLanguage":"it-IT","potentialAction":[{"@type":"ReadAction","target":["https:\/\/gemarballoons.com\/it\/suppliers-privacy-policy\/"]}]},{"@type":"BreadcrumbList","@id":"https:\/\/gemarballoons.com\/it\/suppliers-privacy-policy\/#breadcrumb","itemListElement":[{"@type":"ListItem","position":1,"name":"Home","item":"https:\/\/gemarballoons.com\/it\/"},{"@type":"ListItem","position":2,"name":"Suppliers Privacy Policy"}]},{"@type":"WebSite","@id":"https:\/\/gemarballoons.com\/es\/#website","url":"https:\/\/gemarballoons.com\/es\/","name":"Gemar Balloons","description":"","potentialAction":[{"@type":"SearchAction","target":{"@type":"EntryPoint","urlTemplate":"https:\/\/gemarballoons.com\/es\/?s={search_term_string}"},"query-input":{"@type":"PropertyValueSpecification","valueRequired":true,"valueName":"search_term_string"}}],"inLanguage":"it-IT"}]}},"_links":{"self":[{"href":"https:\/\/gemarballoons.com\/it\/wp-json\/wp\/v2\/pages\/114521","targetHints":{"allow":["GET"]}}],"collection":[{"href":"https:\/\/gemarballoons.com\/it\/wp-json\/wp\/v2\/pages"}],"about":[{"href":"https:\/\/gemarballoons.com\/it\/wp-json\/wp\/v2\/types\/page"}],"author":[{"embeddable":true,"href":"https:\/\/gemarballoons.com\/it\/wp-json\/wp\/v2\/users\/1"}],"replies":[{"embeddable":true,"href":"https:\/\/gemarballoons.com\/it\/wp-json\/wp\/v2\/comments?post=114521"}],"version-history":[{"count":1,"href":"https:\/\/gemarballoons.com\/it\/wp-json\/wp\/v2\/pages\/114521\/revisions"}],"predecessor-version":[{"id":114522,"href":"https:\/\/gemarballoons.com\/it\/wp-json\/wp\/v2\/pages\/114521\/revisions\/114522"}],"wp:attachment":[{"href":"https:\/\/gemarballoons.com\/it\/wp-json\/wp\/v2\/media?parent=114521"}],"curies":[{"name":"wp","href":"https:\/\/api.w.org\/{rel}","templated":true}]}}