{"id":1370,"date":"2024-07-31T17:33:04","date_gmt":"2024-07-31T15:33:04","guid":{"rendered":"https:\/\/gemarballoons.com\/distributors\/"},"modified":"2025-07-18T12:30:10","modified_gmt":"2025-07-18T10:30:10","slug":"distributors","status":"publish","type":"page","link":"https:\/\/gemarballoons.com\/it\/gemar-resources\/distributors\/","title":{"rendered":"Distributors"},"content":{"rendered":"","protected":false},"excerpt":{"rendered":"","protected":false},"author":2,"featured_media":0,"parent":1434,"menu_order":0,"comment_status":"closed","ping_status":"closed","template":"templates\/page-distributors.php","meta":{"_acf_changed":false,"inline_featured_image":false,"footnotes":""},"class_list":["post-1370","page","type-page","status-publish","hentry"],"acf":{"seo_text":"<span style=\"font-weight: 400;\">In Gemar, le relazioni con i partner e rivenditori rappresentano il cuore pulsante dell\u2019azienda che costantemente si impegna a offrire tutto il supporto necessario per distinguersi nel mercato a livello globale.\u00a0<\/span>\r\n\r\n<span style=\"font-weight: 400;\">Nella sezione <strong>distributori<\/strong> del nostro sito c\u2019\u00e8 la possibilit\u00e0 di cercare tra i Partner Gemar presenti a livello mondiale e trovare quello pi\u00f9 vicino. Questo strumento permette di connettersi facilmente con rivenditori locali, garantendo un accesso rapido ai prodotti e servizi.<\/span>\r\n\r\n<span style=\"font-weight: 400;\">Entrare a far parte della famiglia allargata Gemar , come distributore, significa avere un accesso preferenziale ai prodotti innovativi, ma anche a una vasta gamma di risorse esclusive che includono: materiali promozionali a marchio Gemar, attivit\u00e0 di formazione relative alla <strong>balloon art<\/strong>, e inviti a eventi di marketing unici e formazione su strumenti come <a href=\"https:\/\/www.gemarcreator.com\/\" target=\"_blank\" rel=\"noopener\"><strong>Gemar Creator<\/strong><\/a>.\u00a0<\/span>\r\n\r\n<span style=\"font-weight: 400;\">L\u2019impegno non si ferma qui. L\u2019obiettivo \u00e8 di <\/span><span style=\"font-weight: 400;\">creare prodotti <\/span><span style=\"font-weight: 400;\">che superano le attuali tendenze di mercato, fornire ai partner non solo palloncini all'avanguardia, ma anche ispirazione continua per arricchire la loro offerta scegliendo tra:<\/span>\r\n<ul>\r\n \t<li style=\"font-weight: 400;\" aria-level=\"1\"><span style=\"font-weight: 400;\">palloncini giganti;<\/span><\/li>\r\n \t<li style=\"font-weight: 400;\" aria-level=\"1\"><span style=\"font-weight: 400;\">palloncini bombe acqua;<\/span><\/li>\r\n \t<li style=\"font-weight: 400;\" aria-level=\"1\"><span style=\"font-weight: 400;\">palloncini G-link;<\/span><\/li>\r\n \t<li style=\"font-weight: 400;\" aria-level=\"1\"><span style=\"font-weight: 400;\">palloncini forma cuore;<\/span><\/li>\r\n \t<li style=\"font-weight: 400;\" aria-level=\"1\"><span style=\"font-weight: 400;\">palloncini modellabili;<\/span><\/li>\r\n \t<li style=\"font-weight: 400;\" aria-level=\"1\"><span style=\"font-weight: 400;\">palloncini trasparenti da riempire con regalo;<\/span><\/li>\r\n \t<li style=\"font-weight: 400;\" aria-level=\"1\"><span style=\"font-weight: 400;\">punchball;<\/span><\/li>\r\n \t<li style=\"font-weight: 400;\" aria-level=\"1\"><span style=\"font-weight: 400;\">palloncini multiforma.<\/span><\/li>\r\n<\/ul>\r\n<span style=\"font-weight: 400;\">E le stampe disponibili:\u00a0<\/span>\r\n<ul>\r\n \t<li style=\"font-weight: 400;\" aria-level=\"1\"><span style=\"font-weight: 400;\">palloncini compleanno;<\/span><\/li>\r\n \t<li style=\"font-weight: 400;\" aria-level=\"1\"><span style=\"font-weight: 400;\">palloncini eventi;<\/span><\/li>\r\n \t<li style=\"font-weight: 400;\" aria-level=\"1\"><span style=\"font-weight: 400;\">palloncini nascita baby shower;<\/span><\/li>\r\n \t<li style=\"font-weight: 400;\" aria-level=\"1\"><span style=\"font-weight: 400;\">palloncini amore;<\/span><\/li>\r\n \t<li style=\"font-weight: 400;\" aria-level=\"1\"><span style=\"font-weight: 400;\">palloncini matrimoni;<\/span><\/li>\r\n \t<li style=\"font-weight: 400;\" aria-level=\"1\"><span style=\"font-weight: 400;\">palloncini anniversario;<\/span><\/li>\r\n \t<li style=\"font-weight: 400;\" aria-level=\"1\"><span style=\"font-weight: 400;\">palloncini occasioni speciali;<\/span><\/li>\r\n \t<li style=\"font-weight: 400;\" aria-level=\"1\"><span style=\"font-weight: 400;\">palloncini celebrazioni religiose;<\/span><\/li>\r\n \t<li style=\"font-weight: 400;\" aria-level=\"1\"><span style=\"font-weight: 400;\">palloncini Halloween.<\/span><\/li>\r\n<\/ul>\r\n<span style=\"font-weight: 400;\">Questo forte legame permette all\u2019azienda di espandere la presenza globale, raggiungendo un pubblico sempre pi\u00f9 vasto e, al contempo, contribuendo in maniera significativa al successo professionale di partner e rivenditori.<\/span>\r\n\r\n<span style=\"font-weight: 400;\">Scegliere di collaborare con Gemar significa non solo beneficiare di <a href=\"https:\/\/gemarballoons.com\/it\/balloons\/colors-sizes-gemar-balloons\/\" target=\"_blank\" rel=\"noopener\"><strong>palloncini di alta qualit\u00e0<\/strong><\/a>, ma anche far parte di una comunit\u00e0 che sostiene la crescita e aiuta a creare entusiasmo e domanda attorno ai palloncini, distinguendosi dai tuoi concorrenti.<\/span>"},"yoast_head":"<!-- This site is optimized with the Yoast SEO plugin v27.4 - https:\/\/yoast.com\/product\/yoast-seo-wordpress\/ -->\n<title>Distributors - Gemar Balloons<\/title>\n<meta name=\"description\" content=\"Per i distributori Gemar: accedi a prodotti innovativi, supporto esclusivo e strumenti per crescere nel mercato globale della balloon art\" \/>\n<meta name=\"robots\" content=\"index, follow, max-snippet:-1, max-image-preview:large, max-video-preview:-1\" \/>\n<link rel=\"canonical\" href=\"https:\/\/gemarballoons.com\/it\/gemar-resources\/distributors\/\" \/>\n<meta property=\"og:locale\" content=\"it_IT\" \/>\n<meta property=\"og:type\" content=\"article\" \/>\n<meta property=\"og:title\" content=\"Distributors - Gemar Balloons\" \/>\n<meta property=\"og:description\" content=\"Per i distributori Gemar: accedi a prodotti innovativi, supporto esclusivo e strumenti per crescere nel mercato globale della balloon art\" \/>\n<meta property=\"og:url\" content=\"https:\/\/gemarballoons.com\/it\/gemar-resources\/distributors\/\" \/>\n<meta property=\"og:site_name\" content=\"Gemar Balloons\" \/>\n<meta property=\"article:modified_time\" content=\"2025-07-18T10:30:10+00:00\" \/>\n<meta name=\"twitter:card\" content=\"summary_large_image\" \/>\n<script type=\"application\/ld+json\" class=\"yoast-schema-graph\">{\"@context\":\"https:\\\/\\\/schema.org\",\"@graph\":[{\"@type\":\"WebPage\",\"@id\":\"https:\\\/\\\/gemarballoons.com\\\/it\\\/gemar-resources\\\/distributors\\\/\",\"url\":\"https:\\\/\\\/gemarballoons.com\\\/it\\\/gemar-resources\\\/distributors\\\/\",\"name\":\"Distributors - Gemar Balloons\",\"isPartOf\":{\"@id\":\"https:\\\/\\\/gemarballoons.com\\\/es\\\/#website\"},\"datePublished\":\"2024-07-31T15:33:04+00:00\",\"dateModified\":\"2025-07-18T10:30:10+00:00\",\"description\":\"Per i distributori Gemar: accedi a prodotti innovativi, supporto esclusivo e strumenti per crescere nel mercato globale della balloon art\",\"breadcrumb\":{\"@id\":\"https:\\\/\\\/gemarballoons.com\\\/it\\\/gemar-resources\\\/distributors\\\/#breadcrumb\"},\"inLanguage\":\"it-IT\",\"potentialAction\":[{\"@type\":\"ReadAction\",\"target\":[\"https:\\\/\\\/gemarballoons.com\\\/it\\\/gemar-resources\\\/distributors\\\/\"]}]},{\"@type\":\"BreadcrumbList\",\"@id\":\"https:\\\/\\\/gemarballoons.com\\\/it\\\/gemar-resources\\\/distributors\\\/#breadcrumb\",\"itemListElement\":[{\"@type\":\"ListItem\",\"position\":1,\"name\":\"Home\",\"item\":\"https:\\\/\\\/gemarballoons.com\\\/it\\\/\"},{\"@type\":\"ListItem\",\"position\":2,\"name\":\"Risorse\",\"item\":\"https:\\\/\\\/gemarballoons.com\\\/it\\\/gemar-resources\\\/\"},{\"@type\":\"ListItem\",\"position\":3,\"name\":\"Distributors\"}]},{\"@type\":\"WebSite\",\"@id\":\"https:\\\/\\\/gemarballoons.com\\\/es\\\/#website\",\"url\":\"https:\\\/\\\/gemarballoons.com\\\/es\\\/\",\"name\":\"Gemar Balloons\",\"description\":\"\",\"potentialAction\":[{\"@type\":\"SearchAction\",\"target\":{\"@type\":\"EntryPoint\",\"urlTemplate\":\"https:\\\/\\\/gemarballoons.com\\\/es\\\/?s={search_term_string}\"},\"query-input\":{\"@type\":\"PropertyValueSpecification\",\"valueRequired\":true,\"valueName\":\"search_term_string\"}}],\"inLanguage\":\"it-IT\"}]}<\/script>\n<!-- \/ Yoast SEO plugin. -->","yoast_head_json":{"title":"Distributors - Gemar Balloons","description":"Per i distributori Gemar: accedi a prodotti innovativi, supporto esclusivo e strumenti per crescere nel mercato globale della balloon art","robots":{"index":"index","follow":"follow","max-snippet":"max-snippet:-1","max-image-preview":"max-image-preview:large","max-video-preview":"max-video-preview:-1"},"canonical":"https:\/\/gemarballoons.com\/it\/gemar-resources\/distributors\/","og_locale":"it_IT","og_type":"article","og_title":"Distributors - Gemar Balloons","og_description":"Per i distributori Gemar: accedi a prodotti innovativi, supporto esclusivo e strumenti per crescere nel mercato globale della balloon art","og_url":"https:\/\/gemarballoons.com\/it\/gemar-resources\/distributors\/","og_site_name":"Gemar Balloons","article_modified_time":"2025-07-18T10:30:10+00:00","twitter_card":"summary_large_image","schema":{"@context":"https:\/\/schema.org","@graph":[{"@type":"WebPage","@id":"https:\/\/gemarballoons.com\/it\/gemar-resources\/distributors\/","url":"https:\/\/gemarballoons.com\/it\/gemar-resources\/distributors\/","name":"Distributors - Gemar Balloons","isPartOf":{"@id":"https:\/\/gemarballoons.com\/es\/#website"},"datePublished":"2024-07-31T15:33:04+00:00","dateModified":"2025-07-18T10:30:10+00:00","description":"Per i distributori Gemar: accedi a prodotti innovativi, supporto esclusivo e strumenti per crescere nel mercato globale della balloon art","breadcrumb":{"@id":"https:\/\/gemarballoons.com\/it\/gemar-resources\/distributors\/#breadcrumb"},"inLanguage":"it-IT","potentialAction":[{"@type":"ReadAction","target":["https:\/\/gemarballoons.com\/it\/gemar-resources\/distributors\/"]}]},{"@type":"BreadcrumbList","@id":"https:\/\/gemarballoons.com\/it\/gemar-resources\/distributors\/#breadcrumb","itemListElement":[{"@type":"ListItem","position":1,"name":"Home","item":"https:\/\/gemarballoons.com\/it\/"},{"@type":"ListItem","position":2,"name":"Risorse","item":"https:\/\/gemarballoons.com\/it\/gemar-resources\/"},{"@type":"ListItem","position":3,"name":"Distributors"}]},{"@type":"WebSite","@id":"https:\/\/gemarballoons.com\/es\/#website","url":"https:\/\/gemarballoons.com\/es\/","name":"Gemar Balloons","description":"","potentialAction":[{"@type":"SearchAction","target":{"@type":"EntryPoint","urlTemplate":"https:\/\/gemarballoons.com\/es\/?s={search_term_string}"},"query-input":{"@type":"PropertyValueSpecification","valueRequired":true,"valueName":"search_term_string"}}],"inLanguage":"it-IT"}]}},"_links":{"self":[{"href":"https:\/\/gemarballoons.com\/it\/wp-json\/wp\/v2\/pages\/1370","targetHints":{"allow":["GET"]}}],"collection":[{"href":"https:\/\/gemarballoons.com\/it\/wp-json\/wp\/v2\/pages"}],"about":[{"href":"https:\/\/gemarballoons.com\/it\/wp-json\/wp\/v2\/types\/page"}],"author":[{"embeddable":true,"href":"https:\/\/gemarballoons.com\/it\/wp-json\/wp\/v2\/users\/2"}],"replies":[{"embeddable":true,"href":"https:\/\/gemarballoons.com\/it\/wp-json\/wp\/v2\/comments?post=1370"}],"version-history":[{"count":3,"href":"https:\/\/gemarballoons.com\/it\/wp-json\/wp\/v2\/pages\/1370\/revisions"}],"predecessor-version":[{"id":114723,"href":"https:\/\/gemarballoons.com\/it\/wp-json\/wp\/v2\/pages\/1370\/revisions\/114723"}],"up":[{"embeddable":true,"href":"https:\/\/gemarballoons.com\/it\/wp-json\/wp\/v2\/pages\/1434"}],"wp:attachment":[{"href":"https:\/\/gemarballoons.com\/it\/wp-json\/wp\/v2\/media?parent=1370"}],"curies":[{"name":"wp","href":"https:\/\/api.w.org\/{rel}","templated":true}]}}