{"id":1434,"date":"2024-08-05T17:01:27","date_gmt":"2024-08-05T15:01:27","guid":{"rendered":"https:\/\/gemarballoons.com\/gemar-resources\/"},"modified":"2025-07-18T12:23:38","modified_gmt":"2025-07-18T10:23:38","slug":"gemar-resources","status":"publish","type":"page","link":"https:\/\/gemarballoons.com\/it\/gemar-resources\/","title":{"rendered":"Risorse"},"content":{"rendered":"","protected":false},"excerpt":{"rendered":"","protected":false},"author":1,"featured_media":0,"parent":0,"menu_order":0,"comment_status":"closed","ping_status":"closed","template":"templates\/page-resources.php","meta":{"_acf_changed":false,"inline_featured_image":false,"footnotes":""},"class_list":["post-1434","page","type-page","status-publish","hentry"],"acf":{"seo_text":"<span style=\"font-weight: 400;\">Il cuore pulsante di Gemar sono le risorse per decoratori. Qui si trova tutto quello che c\u2019\u00e8 da sapere sui palloncini Gemar.\u00a0<\/span>\r\n\r\n<span style=\"font-weight: 400;\">In questa sezione, si pu\u00f2 visualizzare online o scaricare il <strong>catalogo Gemar<\/strong>, scoprire i colori, le dimensioni e le forme dei <strong>palloncini Gemar<\/strong> disponibilit\u00e0, ma c'\u00e8 molto di pi\u00f9. Gemar mette a disposizione dei sui clienti anche la sezione distributori e alle FAQ.\u00a0<\/span>\r\n\r\n<span style=\"font-weight: 400;\">Questa pagina \u00e8 una fonte preziosa di informazioni, ideale per chi si avvicina per la prima volta al mondo dei palloncini Gemar, cos\u00ec come per rivenditori e distributori.\u00a0<\/span>\r\n\r\n<span style=\"font-weight: 400;\">Attraverso la nostra vasta gamma di risorse, si possono creare composizioni spettacolari per rendere ogni evento straordinario. I palloncini Gemar sono disponibili in una gran quantit\u00e0 di\u00a0 colori e nelle varianti:<\/span>\r\n<ul>\r\n \t<li style=\"font-weight: 400;\" aria-level=\"1\"><span style=\"font-weight: 400;\">standard;<\/span><\/li>\r\n \t<li style=\"font-weight: 400;\" aria-level=\"1\"><span style=\"font-weight: 400;\">crystal;<\/span><\/li>\r\n \t<li style=\"font-weight: 400;\" aria-level=\"1\"><span style=\"font-weight: 400;\">neon;<\/span><\/li>\r\n \t<li style=\"font-weight: 400;\" aria-level=\"1\"><span style=\"font-weight: 400;\">metallic;<\/span><\/li>\r\n \t<li style=\"font-weight: 400;\" aria-level=\"1\"><span style=\"font-weight: 400;\">shiny.\u00a0<\/span><\/li>\r\n<\/ul>\r\n<span style=\"font-weight: 400;\">Nell<\/span><span style=\"font-weight: 400;\">\u2019<\/span><span style=\"font-weight: 400;\">area dedicata alle specifiche del prodotto \u00e8 possibile avere un quadro d<\/span><span style=\"font-weight: 400;\">\u2019<\/span><span style=\"font-weight: 400;\">insieme su tutte le informazioni utili per iniziare ad esplorare il mondo dei palloncini: dalla cartella taglie e colori alla tabella misure, colori e forme .<\/span><span style=\"font-weight: 400;\">\r\n<\/span><span style=\"font-weight: 400;\">\r\n<\/span><span style=\"font-weight: 400;\">Una panoramica completa di <strong>palloncini professionali, <\/strong>una serie di informazioni utili ai rivenditori e ai decoratori. Una vastit\u00e0 di prodotti tale <\/span><span style=\"font-weight: 400;\">da permettere di scegliere in pochi e semplici passaggi ci\u00f2 che meglio si adatta alle esigenze che ogni creazione richiede.\u00a0<\/span>\r\n\r\n<span style=\"font-weight: 400;\">\u00c8 disponibile una leggenda da consultare in materia di imballaggio con tutti i simboli specifici e utili presenti sulle nostre confezioni. Inoltre, si pu\u00f2 avere una visione d<\/span><span style=\"font-weight: 400;\">\u2019<\/span><span style=\"font-weight: 400;\">insieme dei palloncini, grazie al <a href=\"https:\/\/gemarballoons.com\/it\/gemar-resources\/catalogo\/\" target=\"_blank\" rel=\"noopener\"><strong>catalogo Gemar<\/strong> <\/a>da scaricare o visionare per scoprire tutta la gamma dei palloncini professionali Gemar.<\/span>\r\n\r\n<span style=\"font-weight: 400;\">Gemar \u00e8 orgogliosa delle relazioni esclusive e significative che costruisce da sempre con partner e rivenditori. Nella sezione distributori si possono trovare tutti i partner Gemar in tutto il mondo e avere l<\/span><span style=\"font-weight: 400;\">\u2019<\/span><span style=\"font-weight: 400;\">opportunit\u00e0 di distinguersi dai concorrenti, generare domanda e creare entusiasmo <\/span><span style=\"font-weight: 400;\">intorno<\/span><span style=\"font-weight: 400;\">\u00a0ai prodotti Gemar.<\/span>\r\n\r\n<span style=\"font-weight: 400;\">Unirsi alla famiglia allargata Gemar vuol dire trovare un\u2019azienda con cui condividere la passione per i palloncini, ottenendo un accesso preferenziale ai prodotti, ai materiali promozionali a marchio Gemar, ai <strong>corsi palloncini<\/strong> e agli eventi formativi.\u00a0<\/span>\r\n\r\n<span style=\"font-weight: 400;\">Inoltre, l\u2019azienda si impegna a produrre design che vanno oltre le attuali tendenze di mercato, offrendo ai partner palloncini innovativi e d\u2019ispirazione per la balloon art. Questa sana relazione consente a Gemar di raggiungere un pubblico in continua crescita, contribuendo allo stesso tempo al successo professionale di partner e rivenditori.<\/span>\r\n\r\n<span style=\"font-weight: 400;\">Per non perdere le ultime novit\u00e0, \u00e8 consigliabile visitare il <strong>Gemar blog<\/strong>. <\/span><span style=\"font-weight: 400;\">Approfittare dei\u00a0 corsi di palloncini \u00e8 l\u2019occasione giusta per migliorare competenze e scoprire di pi\u00f9 sulla sostenibilit\u00e0 dei prodotti Gemar.\u00a0<\/span>\r\n\r\n<span style=\"font-weight: 400;\">Per qualsiasi domanda o informazione aggiuntiva, visitare la sezione Gemar contatti \u00e8 la cosa migliore da fare. Per acquistare i palloncini gemar \u00e8 possibile visitare lo <a href=\"https:\/\/shop.gemar.it\/it\/\" target=\"_blank\" rel=\"noopener\"><strong>shop<\/strong> <\/a>online.\u00a0<\/span>"},"yoast_head":"<!-- This site is optimized with the Yoast SEO plugin v27.4 - https:\/\/yoast.com\/product\/yoast-seo-wordpress\/ -->\n<title>Risorse - Gemar Balloons<\/title>\n<meta name=\"description\" content=\"Scopri le risorse per decoratori Gemar: colori, formati, specifiche tecniche, catalogo completo, risorse per rivenditori e corsi balloon art.\" \/>\n<meta name=\"robots\" content=\"index, follow, max-snippet:-1, max-image-preview:large, max-video-preview:-1\" \/>\n<link rel=\"canonical\" href=\"https:\/\/gemarballoons.com\/it\/gemar-resources\/\" \/>\n<meta property=\"og:locale\" content=\"it_IT\" \/>\n<meta property=\"og:type\" content=\"article\" \/>\n<meta property=\"og:title\" content=\"Risorse - Gemar Balloons\" \/>\n<meta property=\"og:description\" content=\"Scopri le risorse per decoratori Gemar: colori, formati, specifiche tecniche, catalogo completo, risorse per rivenditori e corsi balloon art.\" \/>\n<meta property=\"og:url\" content=\"https:\/\/gemarballoons.com\/it\/gemar-resources\/\" \/>\n<meta property=\"og:site_name\" content=\"Gemar Balloons\" \/>\n<meta property=\"article:modified_time\" content=\"2025-07-18T10:23:38+00:00\" \/>\n<meta name=\"twitter:card\" content=\"summary_large_image\" \/>\n<script type=\"application\/ld+json\" class=\"yoast-schema-graph\">{\"@context\":\"https:\\\/\\\/schema.org\",\"@graph\":[{\"@type\":\"WebPage\",\"@id\":\"https:\\\/\\\/gemarballoons.com\\\/it\\\/gemar-resources\\\/\",\"url\":\"https:\\\/\\\/gemarballoons.com\\\/it\\\/gemar-resources\\\/\",\"name\":\"Risorse - Gemar Balloons\",\"isPartOf\":{\"@id\":\"https:\\\/\\\/gemarballoons.com\\\/es\\\/#website\"},\"datePublished\":\"2024-08-05T15:01:27+00:00\",\"dateModified\":\"2025-07-18T10:23:38+00:00\",\"description\":\"Scopri le risorse per decoratori Gemar: colori, formati, specifiche tecniche, catalogo completo, risorse per rivenditori e corsi balloon art.\",\"breadcrumb\":{\"@id\":\"https:\\\/\\\/gemarballoons.com\\\/it\\\/gemar-resources\\\/#breadcrumb\"},\"inLanguage\":\"it-IT\",\"potentialAction\":[{\"@type\":\"ReadAction\",\"target\":[\"https:\\\/\\\/gemarballoons.com\\\/it\\\/gemar-resources\\\/\"]}]},{\"@type\":\"BreadcrumbList\",\"@id\":\"https:\\\/\\\/gemarballoons.com\\\/it\\\/gemar-resources\\\/#breadcrumb\",\"itemListElement\":[{\"@type\":\"ListItem\",\"position\":1,\"name\":\"Home\",\"item\":\"https:\\\/\\\/gemarballoons.com\\\/it\\\/\"},{\"@type\":\"ListItem\",\"position\":2,\"name\":\"Risorse\"}]},{\"@type\":\"WebSite\",\"@id\":\"https:\\\/\\\/gemarballoons.com\\\/es\\\/#website\",\"url\":\"https:\\\/\\\/gemarballoons.com\\\/es\\\/\",\"name\":\"Gemar Balloons\",\"description\":\"\",\"potentialAction\":[{\"@type\":\"SearchAction\",\"target\":{\"@type\":\"EntryPoint\",\"urlTemplate\":\"https:\\\/\\\/gemarballoons.com\\\/es\\\/?s={search_term_string}\"},\"query-input\":{\"@type\":\"PropertyValueSpecification\",\"valueRequired\":true,\"valueName\":\"search_term_string\"}}],\"inLanguage\":\"it-IT\"}]}<\/script>\n<!-- \/ Yoast SEO plugin. -->","yoast_head_json":{"title":"Risorse - Gemar Balloons","description":"Scopri le risorse per decoratori Gemar: colori, formati, specifiche tecniche, catalogo completo, risorse per rivenditori e corsi balloon art.","robots":{"index":"index","follow":"follow","max-snippet":"max-snippet:-1","max-image-preview":"max-image-preview:large","max-video-preview":"max-video-preview:-1"},"canonical":"https:\/\/gemarballoons.com\/it\/gemar-resources\/","og_locale":"it_IT","og_type":"article","og_title":"Risorse - Gemar Balloons","og_description":"Scopri le risorse per decoratori Gemar: colori, formati, specifiche tecniche, catalogo completo, risorse per rivenditori e corsi balloon art.","og_url":"https:\/\/gemarballoons.com\/it\/gemar-resources\/","og_site_name":"Gemar Balloons","article_modified_time":"2025-07-18T10:23:38+00:00","twitter_card":"summary_large_image","schema":{"@context":"https:\/\/schema.org","@graph":[{"@type":"WebPage","@id":"https:\/\/gemarballoons.com\/it\/gemar-resources\/","url":"https:\/\/gemarballoons.com\/it\/gemar-resources\/","name":"Risorse - Gemar Balloons","isPartOf":{"@id":"https:\/\/gemarballoons.com\/es\/#website"},"datePublished":"2024-08-05T15:01:27+00:00","dateModified":"2025-07-18T10:23:38+00:00","description":"Scopri le risorse per decoratori Gemar: colori, formati, specifiche tecniche, catalogo completo, risorse per rivenditori e corsi balloon art.","breadcrumb":{"@id":"https:\/\/gemarballoons.com\/it\/gemar-resources\/#breadcrumb"},"inLanguage":"it-IT","potentialAction":[{"@type":"ReadAction","target":["https:\/\/gemarballoons.com\/it\/gemar-resources\/"]}]},{"@type":"BreadcrumbList","@id":"https:\/\/gemarballoons.com\/it\/gemar-resources\/#breadcrumb","itemListElement":[{"@type":"ListItem","position":1,"name":"Home","item":"https:\/\/gemarballoons.com\/it\/"},{"@type":"ListItem","position":2,"name":"Risorse"}]},{"@type":"WebSite","@id":"https:\/\/gemarballoons.com\/es\/#website","url":"https:\/\/gemarballoons.com\/es\/","name":"Gemar Balloons","description":"","potentialAction":[{"@type":"SearchAction","target":{"@type":"EntryPoint","urlTemplate":"https:\/\/gemarballoons.com\/es\/?s={search_term_string}"},"query-input":{"@type":"PropertyValueSpecification","valueRequired":true,"valueName":"search_term_string"}}],"inLanguage":"it-IT"}]}},"_links":{"self":[{"href":"https:\/\/gemarballoons.com\/it\/wp-json\/wp\/v2\/pages\/1434","targetHints":{"allow":["GET"]}}],"collection":[{"href":"https:\/\/gemarballoons.com\/it\/wp-json\/wp\/v2\/pages"}],"about":[{"href":"https:\/\/gemarballoons.com\/it\/wp-json\/wp\/v2\/types\/page"}],"author":[{"embeddable":true,"href":"https:\/\/gemarballoons.com\/it\/wp-json\/wp\/v2\/users\/1"}],"replies":[{"embeddable":true,"href":"https:\/\/gemarballoons.com\/it\/wp-json\/wp\/v2\/comments?post=1434"}],"version-history":[{"count":9,"href":"https:\/\/gemarballoons.com\/it\/wp-json\/wp\/v2\/pages\/1434\/revisions"}],"predecessor-version":[{"id":115008,"href":"https:\/\/gemarballoons.com\/it\/wp-json\/wp\/v2\/pages\/1434\/revisions\/115008"}],"wp:attachment":[{"href":"https:\/\/gemarballoons.com\/it\/wp-json\/wp\/v2\/media?parent=1434"}],"curies":[{"name":"wp","href":"https:\/\/api.w.org\/{rel}","templated":true}]}}